{"id":178,"date":"2019-06-20T10:56:31","date_gmt":"2019-06-20T08:56:31","guid":{"rendered":"http:\/\/baiedesomme-exploration.fr\/?page_id=178"},"modified":"2019-10-11T10:21:03","modified_gmt":"2019-10-11T08:21:03","slug":"mentions-legales","status":"publish","type":"page","link":"https:\/\/baiedesomme-exploration.fr\/index.php\/mentions-legales\/","title":{"rendered":"Mentions l\u00e9gales"},"content":{"rendered":"<p>[et_pb_section fb_built=\u00a0\u00bb1&Prime; _builder_version=\u00a0\u00bb3.24.1&Prime;][et_pb_row _builder_version=\u00a0\u00bb3.25&Prime;][et_pb_column type=\u00a0\u00bb4_4&Prime; _builder_version=\u00a0\u00bb3.25&Prime; custom_padding=\u00a0\u00bb|||\u00a0\u00bb custom_padding__hover=\u00a0\u00bb|||\u00a0\u00bb][et_pb_text _builder_version=\u00a0\u00bb3.24.1&Prime;]<\/p>\n<div class=\"et_pb_module et_pb_text et_pb_text_0 et_pb_bg_layout_light  et_pb_text_align_left\">\n<div class=\"et_pb_text_inner\">\n<div class=\"page-header\">\n<h2 itemprop=\"headline\">Mentions l\u00e9gales<\/h2>\n<\/div>\n<div class=\"icons\">\n<div class=\"btn-group pull-right\"><\/div>\n<\/div>\n<div class=\"icons\">\n<div class=\"btn-group pull-right\">www.baiedesomme-exploration.fr<\/div>\n<\/div>\n<div itemprop=\"articleBody\">\n<p style=\"text-align: justify;\">Site officiel de Baie de Somme Exploration<\/p>\n<p style=\"text-align: justify;\">Adresse : Ferme Blanche Abbaye &#8211; Route du Plessiel &#8211; 80132 Buigny-Saint-Maclou<br \/> T\u00e9l : 06 17 15 30 76<\/p>\n<hr \/>\n<p style=\"text-align: justify;\">Directeur de la publication : Vincent CRUL<\/p>\n<p style=\"text-align: justify;\">Photos : \u00a9 Baie de Somme Exploration &#8211; Tous droits r\u00e9serv\u00e9s.<\/p>\n<p style=\"text-align: justify;\">Conception &amp; R\u00e9alisation : <a href=\"http:\/\/www.camelance.fr\">www.camelance.fr<\/a><\/p>\n<hr \/>\n<h2 style=\"text-align: justify;\">Commentaires, remarques et suggestions<\/h2>\n<p style=\"text-align: justify;\">Baie de Somme Exploration ne garantit pas que ce site soit exempt de d\u00e9faut, d\u2019erreur ou d\u2019omission. L\u2019information qui y est contenue est destin\u00e9e \u00e0 vous apporter des indications g\u00e9n\u00e9rales et les mieux actualis\u00e9es possibles sur les sujets trait\u00e9s.<\/p>\n<p style=\"text-align: justify;\">Baie de Somme Exploration ne saurait en aucun cas \u00eatre tenue responsable des \u00e9ventuels d\u00e9fauts, erreurs ou omissions existant sur ce site, ni de l\u2019utilisation et de l\u2019interpr\u00e9tation de l\u2019information qu\u2019il contient.<br \/> La pr\u00e9sente clause de r\u00e9serve juridique n\u2019a pas pour objet de limiter la responsabilit\u00e9 de Baie de Somme Exploration de mani\u00e8re contraire \u00e0 la l\u00e9gislation nationale applicable ni de l\u2019exclure dans les cas o\u00f9 elle peut \u00eatre engag\u00e9e en vertu de ladite l\u00e9gislation.<\/p>\n<p style=\"text-align: justify;\">Pour toute suggestion, information, r\u00e9action concernant ce site, merci de nous contacter.<span id=\"cloak99ecb345b22a73c5271d945c27559a1b\"><a href=\"mailto:jrocq@sevadec.com\"><\/a><\/span><\/p>\n<h2 style=\"text-align: justify;\">Etablissement de liens vers www.BaiedeSomme-Exploration<\/h2>\n<p style=\"text-align: justify;\">Baie de Somme Exploration autorise tout site Internet ou tout autre support \u00e0 le citer ou \u00e0 mettre en place un lien hypertexte pointant vers son contenu, sous r\u00e9serve :<\/p>\n<ul style=\"text-align: justify;\">\n<li>que la page atteinte ne soit pas imbriqu\u00e9e \u00e0 l\u2019int\u00e9rieur d\u2019autres pages, en particulier par voie de cadre (ou \u00ab frames \u00bb) c\u2019est-\u00e0-dire que les pages du site Baiedesomme-exploration.fr ne soient pas imbriqu\u00e9es \u00e0 l\u2019int\u00e9rieur des pages d\u2019un autre site, mais accessibles par l\u2019ouverture d\u2019une fen\u00eatre,<\/li>\n<li>que l\u2019acc\u00e8s aux pages contenant ces liens vers le site www.baiedeSomme-exploration soit gratuit.<\/li>\n<\/ul>\n<p style=\"text-align: justify;\">Cette autorisation ne s\u2019applique pas aux sites diffusant des informations \u00e0 caract\u00e8re pol\u00e9mique, pornographique, x\u00e9nophobe, ET pouvant, dans une plus large mesure porter atteinte \u00e0 la sensibilit\u00e9 du public.<\/p>\n<p style=\"text-align: justify;\">Baie de Somme Exploration se r\u00e9serve le droit de demander la suppression d\u2019un lien qu\u2019elle estime non conforme \u00e0 sa ligne \u00e9ditoriale.<\/p>\n<h2 style=\"text-align: justify;\">Etablissement de liens vers des sites tiers<\/h2>\n<p style=\"text-align: justify;\">Baie de Somme Exploration n\u2019est pas responsable des contenus des sites tiers vers lesquels sont \u00e9tablis des liens depuis son site.<\/p>\n<h2 style=\"text-align: justify;\">Droits d\u2019auteurs et propri\u00e9t\u00e9 intellectuelle<\/h2>\n<p style=\"text-align: justify;\">Le pr\u00e9sent site constitue une \u0153uvre dont Baie de Somme Exploration est l\u2019auteur au sens des articles L.111-1 et suivants du Code de la propri\u00e9t\u00e9 intellectuelle.<\/p>\n<p style=\"text-align: justify;\">Sauf autorisation \u00e9crite de Baie de Somme Exploration, toute utilisation des \u0153uvres autres que la reproduction et la consultation individuelles et priv\u00e9es, conformes \u00e0 l\u2019article L.122-5 du Code de la propri\u00e9t\u00e9 intellectuelle, est interdite. En aucun cas, ces reproductions ne sauraient porter pr\u00e9judice aux droits des tiers.<\/p>\n<h2 style=\"text-align: justify;\">Logotype de Baie de Somme Exploration<\/h2>\n<p style=\"text-align: justify;\">Baie de Somme Exploration se r\u00e9serve le droit d\u2019approuver ou de d\u00e9sapprouver toute utilisation de son logo.<\/p>\n<h2 style=\"text-align: justify;\">Cr\u00e9dits photographiques<\/h2>\n<p style=\"text-align: justify;\">Toutes les photographies pr\u00e9sent\u00e9es sur ce site sont prot\u00e9g\u00e9es par le Code de la propri\u00e9t\u00e9 intellectuelle et artistique.<\/p>\n<p style=\"text-align: justify;\">Elles peuvent \u00eatre reproduites \u00e0 condition d\u2019avoir obtenu l\u2019autorisation de Baie de Somme Exploration, d\u2019en indiquer l\u2019auteur et la source.<\/p>\n<p style=\"text-align: justify;\">Ces demandes doivent \u00eatre adress\u00e9e \u00e0 : Ferme Blanche Abbaye &#8211; Route du Plessiel &#8211; 80132 Buigny-Saint-Maclou<\/p>\n<p style=\"text-align: justify;\">Sauf directement sp\u00e9cifi\u00e9 sous les photos du site, les cr\u00e9dits photographiques sont : \u00a9 Baie de Somme Exploration<\/p>\n<h2 style=\"text-align: justify;\">Protection des donn\u00e9es personnelles, confidentialit\u00e9<\/h2>\n<p style=\"text-align: justify;\">Aucune information personnelle n\u2019est collect\u00e9e \u00e0 votre insu, ni c\u00e9d\u00e9e \u00e0 des tiers<\/p>\n<p style=\"text-align: justify;\">Conform\u00e9ment \u00e0 la loi du 6 janvier 1978 relative \u00e0 l\u2019informatique, aux fichiers et aux libert\u00e9s, ce site a fait l\u2019objet d\u2019une d\u00e9claration aupr\u00e8s de la Commission Nationale Informatique et Libert\u00e9s (n\u00b0 d\u2019enregistrement <em>en cours<\/em>). Pour toute collecte d\u2019informations priv\u00e9es via les formulaires pr\u00e9sents sur ce site, vous disposez d\u2019un droit d\u2019acc\u00e8s, de modification, de rectification et de suppression des donn\u00e9es qui vous concernent.<\/p>\n<p style=\"text-align: justify;\">Pour l\u2019exercer, adressez-vous \u00e0 Baie de Somme Exploration<\/p>\n<p style=\"text-align: justify;\">par courrier postale \u00e0 l\u2019adresse suivante : Ferme Blanche Abbaye &#8211; Route du Plessiel &#8211; 80132 Buigny-Saint-Maclou<\/p>\n<p style=\"text-align: justify;\">\n<p style=\"text-align: justify;\">\n<p style=\"text-align: justify;\">H\u00e9bergement : OVH SAS \u2013 RCS Roubaix \u2013 N\u00b0 TVA : FR 22 424 761 419<\/p>\n<p style=\"text-align: justify;\">Adresse postale : 2 rue Kellermann \u2013 59100 Roubaix \u2013 France.<\/p>\n<p style=\"text-align: justify;\">T\u00e9l . : 08 203 203 63<\/p>\n<p style=\"text-align: justify;\"><a href=\"http:\/\/www.ovh.com\" target=\"_blank\" rel=\"noopener noreferrer\">http:\/\/www.ovh.com<\/a><\/p>\n<\/div>\n<\/div>\n<\/div>\n<p>[\/et_pb_text][\/et_pb_column][\/et_pb_row][\/et_pb_section]<\/p>\n","protected":false},"excerpt":{"rendered":"<p>Mentions l\u00e9gales www.baiedesomme-exploration.fr Site officiel de Baie de Somme Exploration Adresse : Ferme Blanche Abbaye &#8211; Route du Plessiel &#8211; 80132 Buigny-Saint-Maclou T\u00e9l : 06 17 15 30 76 Directeur de la publication : Vincent CRUL Photos : \u00a9 Baie de Somme Exploration &#8211; Tous droits r\u00e9serv\u00e9s. Conception &amp; R\u00e9alisation : www.camelance.fr Commentaires, remarques et [&hellip;]<\/p>\n","protected":false},"author":1,"featured_media":0,"parent":0,"menu_order":0,"comment_status":"closed","ping_status":"closed","template":"","meta":{"_et_pb_use_builder":"on","_et_pb_old_content":"","_et_gb_content_width":"","footnotes":""},"class_list":["post-178","page","type-page","status-publish","hentry"],"yoast_head":"<!-- This site is optimized with the Yoast SEO plugin v27.4 - https:\/\/yoast.com\/product\/yoast-seo-wordpress\/ -->\n<title>Mentions l\u00e9gales - Baie de Somme Exploration<\/title>\n<meta name=\"robots\" content=\"index, follow, max-snippet:-1, max-image-preview:large, max-video-preview:-1\" \/>\n<link rel=\"canonical\" href=\"https:\/\/baiedesomme-exploration.fr\/index.php\/mentions-legales\/\" \/>\n<meta property=\"og:locale\" content=\"fr_FR\" \/>\n<meta property=\"og:type\" content=\"article\" \/>\n<meta property=\"og:title\" content=\"Mentions l\u00e9gales - Baie de Somme Exploration\" \/>\n<meta property=\"og:description\" content=\"Mentions l\u00e9gales www.baiedesomme-exploration.fr Site officiel de Baie de Somme Exploration Adresse : Ferme Blanche Abbaye - Route du Plessiel - 80132 Buigny-Saint-Maclou T\u00e9l : 06 17 15 30 76 Directeur de la publication : Vincent CRUL Photos : \u00a9 Baie de Somme Exploration - Tous droits r\u00e9serv\u00e9s. Conception &amp; R\u00e9alisation : www.camelance.fr Commentaires, remarques et [&hellip;]\" \/>\n<meta property=\"og:url\" content=\"https:\/\/baiedesomme-exploration.fr\/index.php\/mentions-legales\/\" \/>\n<meta property=\"og:site_name\" content=\"Baie de Somme Exploration\" \/>\n<meta property=\"article:modified_time\" content=\"2019-10-11T08:21:03+00:00\" \/>\n<meta name=\"twitter:card\" content=\"summary_large_image\" \/>\n<meta name=\"twitter:label1\" content=\"Dur\u00e9e de lecture estim\u00e9e\" \/>\n\t<meta name=\"twitter:data1\" content=\"4 minutes\" \/>\n<script type=\"application\/ld+json\" class=\"yoast-schema-graph\">{\"@context\":\"https:\\\/\\\/schema.org\",\"@graph\":[{\"@type\":\"WebPage\",\"@id\":\"https:\\\/\\\/baiedesomme-exploration.fr\\\/index.php\\\/mentions-legales\\\/\",\"url\":\"https:\\\/\\\/baiedesomme-exploration.fr\\\/index.php\\\/mentions-legales\\\/\",\"name\":\"Mentions l\u00e9gales - Baie de Somme Exploration\",\"isPartOf\":{\"@id\":\"https:\\\/\\\/baiedesomme-exploration.fr\\\/#website\"},\"datePublished\":\"2019-06-20T08:56:31+00:00\",\"dateModified\":\"2019-10-11T08:21:03+00:00\",\"breadcrumb\":{\"@id\":\"https:\\\/\\\/baiedesomme-exploration.fr\\\/index.php\\\/mentions-legales\\\/#breadcrumb\"},\"inLanguage\":\"fr-FR\",\"potentialAction\":[{\"@type\":\"ReadAction\",\"target\":[\"https:\\\/\\\/baiedesomme-exploration.fr\\\/index.php\\\/mentions-legales\\\/\"]}]},{\"@type\":\"BreadcrumbList\",\"@id\":\"https:\\\/\\\/baiedesomme-exploration.fr\\\/index.php\\\/mentions-legales\\\/#breadcrumb\",\"itemListElement\":[{\"@type\":\"ListItem\",\"position\":1,\"name\":\"Accueil\",\"item\":\"https:\\\/\\\/baiedesomme-exploration.fr\\\/\"},{\"@type\":\"ListItem\",\"position\":2,\"name\":\"Mentions l\u00e9gales\"}]},{\"@type\":\"WebSite\",\"@id\":\"https:\\\/\\\/baiedesomme-exploration.fr\\\/#website\",\"url\":\"https:\\\/\\\/baiedesomme-exploration.fr\\\/\",\"name\":\"Baie de Somme Exploration\",\"description\":\"Organisation d&#039;activit\u00e9s touristiques en Baie de Somme\",\"potentialAction\":[{\"@type\":\"SearchAction\",\"target\":{\"@type\":\"EntryPoint\",\"urlTemplate\":\"https:\\\/\\\/baiedesomme-exploration.fr\\\/?s={search_term_string}\"},\"query-input\":{\"@type\":\"PropertyValueSpecification\",\"valueRequired\":true,\"valueName\":\"search_term_string\"}}],\"inLanguage\":\"fr-FR\"}]}<\/script>\n<!-- \/ Yoast SEO plugin. -->","yoast_head_json":{"title":"Mentions l\u00e9gales - Baie de Somme Exploration","robots":{"index":"index","follow":"follow","max-snippet":"max-snippet:-1","max-image-preview":"max-image-preview:large","max-video-preview":"max-video-preview:-1"},"canonical":"https:\/\/baiedesomme-exploration.fr\/index.php\/mentions-legales\/","og_locale":"fr_FR","og_type":"article","og_title":"Mentions l\u00e9gales - Baie de Somme Exploration","og_description":"Mentions l\u00e9gales www.baiedesomme-exploration.fr Site officiel de Baie de Somme Exploration Adresse : Ferme Blanche Abbaye - Route du Plessiel - 80132 Buigny-Saint-Maclou T\u00e9l : 06 17 15 30 76 Directeur de la publication : Vincent CRUL Photos : \u00a9 Baie de Somme Exploration - Tous droits r\u00e9serv\u00e9s. Conception &amp; R\u00e9alisation : www.camelance.fr Commentaires, remarques et [&hellip;]","og_url":"https:\/\/baiedesomme-exploration.fr\/index.php\/mentions-legales\/","og_site_name":"Baie de Somme Exploration","article_modified_time":"2019-10-11T08:21:03+00:00","twitter_card":"summary_large_image","twitter_misc":{"Dur\u00e9e de lecture estim\u00e9e":"4 minutes"},"schema":{"@context":"https:\/\/schema.org","@graph":[{"@type":"WebPage","@id":"https:\/\/baiedesomme-exploration.fr\/index.php\/mentions-legales\/","url":"https:\/\/baiedesomme-exploration.fr\/index.php\/mentions-legales\/","name":"Mentions l\u00e9gales - Baie de Somme Exploration","isPartOf":{"@id":"https:\/\/baiedesomme-exploration.fr\/#website"},"datePublished":"2019-06-20T08:56:31+00:00","dateModified":"2019-10-11T08:21:03+00:00","breadcrumb":{"@id":"https:\/\/baiedesomme-exploration.fr\/index.php\/mentions-legales\/#breadcrumb"},"inLanguage":"fr-FR","potentialAction":[{"@type":"ReadAction","target":["https:\/\/baiedesomme-exploration.fr\/index.php\/mentions-legales\/"]}]},{"@type":"BreadcrumbList","@id":"https:\/\/baiedesomme-exploration.fr\/index.php\/mentions-legales\/#breadcrumb","itemListElement":[{"@type":"ListItem","position":1,"name":"Accueil","item":"https:\/\/baiedesomme-exploration.fr\/"},{"@type":"ListItem","position":2,"name":"Mentions l\u00e9gales"}]},{"@type":"WebSite","@id":"https:\/\/baiedesomme-exploration.fr\/#website","url":"https:\/\/baiedesomme-exploration.fr\/","name":"Baie de Somme Exploration","description":"Organisation d&#039;activit\u00e9s touristiques en Baie de Somme","potentialAction":[{"@type":"SearchAction","target":{"@type":"EntryPoint","urlTemplate":"https:\/\/baiedesomme-exploration.fr\/?s={search_term_string}"},"query-input":{"@type":"PropertyValueSpecification","valueRequired":true,"valueName":"search_term_string"}}],"inLanguage":"fr-FR"}]}},"_links":{"self":[{"href":"https:\/\/baiedesomme-exploration.fr\/index.php\/wp-json\/wp\/v2\/pages\/178","targetHints":{"allow":["GET"]}}],"collection":[{"href":"https:\/\/baiedesomme-exploration.fr\/index.php\/wp-json\/wp\/v2\/pages"}],"about":[{"href":"https:\/\/baiedesomme-exploration.fr\/index.php\/wp-json\/wp\/v2\/types\/page"}],"author":[{"embeddable":true,"href":"https:\/\/baiedesomme-exploration.fr\/index.php\/wp-json\/wp\/v2\/users\/1"}],"replies":[{"embeddable":true,"href":"https:\/\/baiedesomme-exploration.fr\/index.php\/wp-json\/wp\/v2\/comments?post=178"}],"version-history":[{"count":6,"href":"https:\/\/baiedesomme-exploration.fr\/index.php\/wp-json\/wp\/v2\/pages\/178\/revisions"}],"predecessor-version":[{"id":434,"href":"https:\/\/baiedesomme-exploration.fr\/index.php\/wp-json\/wp\/v2\/pages\/178\/revisions\/434"}],"wp:attachment":[{"href":"https:\/\/baiedesomme-exploration.fr\/index.php\/wp-json\/wp\/v2\/media?parent=178"}],"curies":[{"name":"wp","href":"https:\/\/api.w.org\/{rel}","templated":true}]}}