{"id":180,"date":"2019-06-20T10:57:12","date_gmt":"2019-06-20T08:57:12","guid":{"rendered":"http:\/\/baiedesomme-exploration.fr\/?page_id=180"},"modified":"2023-06-26T09:41:46","modified_gmt":"2023-06-26T07:41:46","slug":"informations","status":"publish","type":"page","link":"https:\/\/baiedesomme-exploration.fr\/index.php\/informations\/","title":{"rendered":"Informations"},"content":{"rendered":"<p>[et_pb_section fb_built=\u00a0\u00bb1&Prime; _builder_version=\u00a0\u00bb4.16&Prime; background_image=\u00a0\u00bbhttps:\/\/baiedesomme-exploration.fr\/wp-content\/uploads\/2019\/06\/MG_9391.jpg\u00a0\u00bb parallax=\u00a0\u00bbon\u00a0\u00bb global_colors_info=\u00a0\u00bb{}\u00a0\u00bb][et_pb_row column_structure=\u00a0\u00bb1_2,1_2&Prime; _builder_version=\u00a0\u00bb4.16&Prime; global_colors_info=\u00a0\u00bb{}\u00a0\u00bb][et_pb_column type=\u00a0\u00bb1_2&Prime; _builder_version=\u00a0\u00bb4.16&Prime; custom_padding=\u00a0\u00bb|||\u00a0\u00bb global_colors_info=\u00a0\u00bb{}\u00a0\u00bb custom_padding__hover=\u00a0\u00bb|||\u00a0\u00bb][et_pb_blurb title=\u00a0\u00bbLors de vos activit\u00e9s&#8230; Vous ne serez jamais seul !\u00a0\u00bb use_icon=\u00a0\u00bbon\u00a0\u00bb font_icon=\u00a0\u00bb&#x74;||divi||400&Prime; icon_color=\u00a0\u00bb#ffffff\u00a0\u00bb icon_placement=\u00a0\u00bbleft\u00a0\u00bb image_icon_width=\u00a0\u00bb53px\u00a0\u00bb _builder_version=\u00a0\u00bb4.16&Prime; header_font=\u00a0\u00bb||||||||\u00a0\u00bb header_text_color=\u00a0\u00bb#ffffff\u00a0\u00bb header_font_size=\u00a0\u00bb24px\u00a0\u00bb body_font=\u00a0\u00bb||||||||\u00a0\u00bb body_text_align=\u00a0\u00bbjustify\u00a0\u00bb body_text_color=\u00a0\u00bb#ffffff\u00a0\u00bb body_line_height=\u00a0\u00bb1.5em\u00a0\u00bb use_background_color_gradient=\u00a0\u00bbon\u00a0\u00bb background_color_gradient_direction=\u00a0\u00bb237deg\u00a0\u00bb background_color_gradient_stops=\u00a0\u00bb#703924 44%|#ed4776 100%\u00a0\u00bb background_color_gradient_start=\u00a0\u00bb#703924&Prime; background_color_gradient_start_position=\u00a0\u00bb44%\u00a0\u00bb background_color_gradient_end=\u00a0\u00bb#ed4776&Prime; custom_margin=\u00a0\u00bb|0px||0px\u00a0\u00bb custom_padding=\u00a0\u00bb10px|10px|10px|10px||false\u00a0\u00bb border_radii=\u00a0\u00bbon|7px|7px|7px|7px\u00a0\u00bb icon_font_size=\u00a0\u00bb53px\u00a0\u00bb global_colors_info=\u00a0\u00bb{}\u00a0\u00bb]<\/p>\n<p>Si l\u2019activit\u00e9 ne requiert pas de guide, pas d\u2019inqui\u00e9tude, vous aurez un num\u00e9ro de t\u00e9l\u00e9phone direct pour nous joindre :<br \/> h\u00e9sitation sur le parcours, doute sur les indices, la lecture de carte, aides diverses&#8230;<\/p>\n<p><strong>N\u2019h\u00e9sitez pas !<\/strong><\/p>\n<p>[\/et_pb_blurb][\/et_pb_column][et_pb_column type=\u00a0\u00bb1_2&Prime; _builder_version=\u00a0\u00bb4.16&Prime; custom_padding=\u00a0\u00bb|||\u00a0\u00bb global_colors_info=\u00a0\u00bb{}\u00a0\u00bb custom_padding__hover=\u00a0\u00bb|||\u00a0\u00bb][et_pb_blurb title=\u00a0\u00bbToutes nos activit\u00e9s sont 100% personnalisables !\u00a0\u00bb use_icon=\u00a0\u00bbon\u00a0\u00bb font_icon=\u00a0\u00bb&#x66;||divi||400&Prime; icon_color=\u00a0\u00bb#ffffff\u00a0\u00bb icon_placement=\u00a0\u00bbleft\u00a0\u00bb image_icon_width=\u00a0\u00bb53px\u00a0\u00bb _builder_version=\u00a0\u00bb4.16&Prime; header_font=\u00a0\u00bb||||||||\u00a0\u00bb header_text_color=\u00a0\u00bb#ffffff\u00a0\u00bb header_font_size=\u00a0\u00bb24px\u00a0\u00bb body_font=\u00a0\u00bb||||||||\u00a0\u00bb body_text_align=\u00a0\u00bbjustify\u00a0\u00bb body_text_color=\u00a0\u00bb#ffffff\u00a0\u00bb body_line_height=\u00a0\u00bb1.5em\u00a0\u00bb use_background_color_gradient=\u00a0\u00bbon\u00a0\u00bb background_color_gradient_direction=\u00a0\u00bb237deg\u00a0\u00bb background_color_gradient_stops=\u00a0\u00bb#703924 44%|#ed4776 100%\u00a0\u00bb background_color_gradient_start=\u00a0\u00bb#703924&Prime; background_color_gradient_start_position=\u00a0\u00bb44%\u00a0\u00bb background_color_gradient_end=\u00a0\u00bb#ed4776&Prime; custom_margin=\u00a0\u00bb|0px||0px\u00a0\u00bb custom_padding=\u00a0\u00bb10px|10px|10px|10px||false\u00a0\u00bb border_radii=\u00a0\u00bbon|7px|7px|7px|7px\u00a0\u00bb icon_font_size=\u00a0\u00bb53px\u00a0\u00bb global_colors_info=\u00a0\u00bb{}\u00a0\u00bb]<\/p>\n<p>Vous souhaitez partir seul ou en groupe ?<br \/>Organiser un s\u00e9minaire d\u2019entreprise ?<br \/>Ou encore avoir une escapade unique ?<\/p>\n<p><strong>Appelez-nous et nous vous proposerons une offre personnalis\u00e9e suivant vos recommandations.<\/strong><\/p>\n<p>[\/et_pb_blurb][\/et_pb_column][\/et_pb_row][et_pb_row column_structure=\u00a0\u00bb1_5,3_5,1_5&Prime; _builder_version=\u00a0\u00bb4.16&Prime; global_colors_info=\u00a0\u00bb{}\u00a0\u00bb][et_pb_column type=\u00a0\u00bb1_5&Prime; _builder_version=\u00a0\u00bb4.16&Prime; custom_padding=\u00a0\u00bb|||\u00a0\u00bb global_colors_info=\u00a0\u00bb{}\u00a0\u00bb custom_padding__hover=\u00a0\u00bb|||\u00a0\u00bb][\/et_pb_column][et_pb_column type=\u00a0\u00bb3_5&Prime; _builder_version=\u00a0\u00bb4.16&Prime; custom_padding=\u00a0\u00bb|||\u00a0\u00bb global_colors_info=\u00a0\u00bb{}\u00a0\u00bb custom_padding__hover=\u00a0\u00bb|||\u00a0\u00bb][et_pb_blurb image=\u00a0\u00bbhttps:\/\/baiedesomme-exploration.fr\/wp-content\/uploads\/2019\/06\/marcheur.png\u00a0\u00bb _builder_version=\u00a0\u00bb4.21.0&Prime; header_font=\u00a0\u00bb||||||||\u00a0\u00bb header_text_color=\u00a0\u00bb#ffffff\u00a0\u00bb body_font=\u00a0\u00bb||||||||\u00a0\u00bb body_text_align=\u00a0\u00bbjustify\u00a0\u00bb body_text_color=\u00a0\u00bb#ffffff\u00a0\u00bb body_line_height=\u00a0\u00bb1.5em\u00a0\u00bb use_background_color_gradient=\u00a0\u00bbon\u00a0\u00bb background_color_gradient_direction=\u00a0\u00bb237deg\u00a0\u00bb background_color_gradient_stops=\u00a0\u00bb#00acc6 44%|#67bac6 100%\u00a0\u00bb background_color_gradient_start=\u00a0\u00bb#00acc6&Prime; background_color_gradient_start_position=\u00a0\u00bb44%\u00a0\u00bb background_color_gradient_end=\u00a0\u00bb#67bac6&Prime; custom_margin=\u00a0\u00bb|0px||0px\u00a0\u00bb custom_padding=\u00a0\u00bb10px|10px|10px|10px||false\u00a0\u00bb hover_enabled=\u00a0\u00bb0&Prime; border_radii=\u00a0\u00bbon|7px|7px|7px|7px\u00a0\u00bb box_shadow_style_image=\u00a0\u00bbpreset3&Prime; global_colors_info=\u00a0\u00bb{}\u00a0\u00bb sticky_enabled=\u00a0\u00bb0&Prime;]<\/p>\n<p>Activit\u00e9 accessible pour toutes et tous dans la limite de votre capacit\u00e9 physique. Renseignez-vous sur la capacit\u00e9 de chacun avant de partir.<\/p>\n<p><span data-contrast=\"auto\" xml:lang=\"FR-FR\" lang=\"FR-FR\" class=\"TextRun SCXW15793209 BCX8\"><span class=\"NormalTextRun SCXW15793209 BCX8\">Le sac contient tout le n\u00e9cessaire pour l\u2019aventure\u202f: cartes, boussoles, photo indice et \u00e9nigmes.<\/span><\/span><\/p>\n<p>[\/et_pb_blurb][\/et_pb_column][et_pb_column type=\u00a0\u00bb1_5&Prime; _builder_version=\u00a0\u00bb4.16&Prime; custom_padding=\u00a0\u00bb|||\u00a0\u00bb global_colors_info=\u00a0\u00bb{}\u00a0\u00bb custom_padding__hover=\u00a0\u00bb|||\u00a0\u00bb][\/et_pb_column][\/et_pb_row][\/et_pb_section]<\/p>\n","protected":false},"excerpt":{"rendered":"<p>Si l\u2019activit\u00e9 ne requiert pas de guide, pas d\u2019inqui\u00e9tude, vous aurez un num\u00e9ro de t\u00e9l\u00e9phone direct pour nous joindre : h\u00e9sitation sur le parcours, doute sur les indices, la lecture de carte, aides diverses&#8230; N\u2019h\u00e9sitez pas !Vous souhaitez partir seul ou en groupe ?Organiser un s\u00e9minaire d\u2019entreprise ?Ou encore avoir une escapade unique ? Appelez-nous [&hellip;]<\/p>\n","protected":false},"author":1,"featured_media":0,"parent":0,"menu_order":0,"comment_status":"closed","ping_status":"closed","template":"","meta":{"_et_pb_use_builder":"on","_et_pb_old_content":"<!-- wp:divi\/placeholder \/-->","_et_gb_content_width":"","footnotes":""},"class_list":["post-180","page","type-page","status-publish","hentry"],"yoast_head":"<!-- This site is optimized with the Yoast SEO plugin v27.3 - https:\/\/yoast.com\/product\/yoast-seo-wordpress\/ -->\n<title>Informations - Baie de Somme Exploration<\/title>\n<meta name=\"robots\" content=\"index, follow, max-snippet:-1, max-image-preview:large, max-video-preview:-1\" \/>\n<link rel=\"canonical\" href=\"https:\/\/baiedesomme-exploration.fr\/index.php\/informations\/\" \/>\n<meta property=\"og:locale\" content=\"fr_FR\" \/>\n<meta property=\"og:type\" content=\"article\" \/>\n<meta property=\"og:title\" content=\"Informations - Baie de Somme Exploration\" \/>\n<meta property=\"og:description\" content=\"Si l\u2019activit\u00e9 ne requiert pas de guide, pas d\u2019inqui\u00e9tude, vous aurez un num\u00e9ro de t\u00e9l\u00e9phone direct pour nous joindre : h\u00e9sitation sur le parcours, doute sur les indices, la lecture de carte, aides diverses... N\u2019h\u00e9sitez pas !Vous souhaitez partir seul ou en groupe ?Organiser un s\u00e9minaire d\u2019entreprise ?Ou encore avoir une escapade unique ? Appelez-nous [&hellip;]\" \/>\n<meta property=\"og:url\" content=\"https:\/\/baiedesomme-exploration.fr\/index.php\/informations\/\" \/>\n<meta property=\"og:site_name\" content=\"Baie de Somme Exploration\" \/>\n<meta property=\"article:modified_time\" content=\"2023-06-26T07:41:46+00:00\" \/>\n<meta name=\"twitter:card\" content=\"summary_large_image\" \/>\n<meta name=\"twitter:label1\" content=\"Dur\u00e9e de lecture estim\u00e9e\" \/>\n\t<meta name=\"twitter:data1\" content=\"3 minutes\" \/>\n<script type=\"application\/ld+json\" class=\"yoast-schema-graph\">{\"@context\":\"https:\\\/\\\/schema.org\",\"@graph\":[{\"@type\":\"WebPage\",\"@id\":\"https:\\\/\\\/baiedesomme-exploration.fr\\\/index.php\\\/informations\\\/\",\"url\":\"https:\\\/\\\/baiedesomme-exploration.fr\\\/index.php\\\/informations\\\/\",\"name\":\"Informations - Baie de Somme Exploration\",\"isPartOf\":{\"@id\":\"https:\\\/\\\/baiedesomme-exploration.fr\\\/#website\"},\"datePublished\":\"2019-06-20T08:57:12+00:00\",\"dateModified\":\"2023-06-26T07:41:46+00:00\",\"breadcrumb\":{\"@id\":\"https:\\\/\\\/baiedesomme-exploration.fr\\\/index.php\\\/informations\\\/#breadcrumb\"},\"inLanguage\":\"fr-FR\",\"potentialAction\":[{\"@type\":\"ReadAction\",\"target\":[\"https:\\\/\\\/baiedesomme-exploration.fr\\\/index.php\\\/informations\\\/\"]}]},{\"@type\":\"BreadcrumbList\",\"@id\":\"https:\\\/\\\/baiedesomme-exploration.fr\\\/index.php\\\/informations\\\/#breadcrumb\",\"itemListElement\":[{\"@type\":\"ListItem\",\"position\":1,\"name\":\"Accueil\",\"item\":\"https:\\\/\\\/baiedesomme-exploration.fr\\\/\"},{\"@type\":\"ListItem\",\"position\":2,\"name\":\"Informations\"}]},{\"@type\":\"WebSite\",\"@id\":\"https:\\\/\\\/baiedesomme-exploration.fr\\\/#website\",\"url\":\"https:\\\/\\\/baiedesomme-exploration.fr\\\/\",\"name\":\"Baie de Somme Exploration\",\"description\":\"Organisation d&#039;activit\u00e9s touristiques en Baie de Somme\",\"potentialAction\":[{\"@type\":\"SearchAction\",\"target\":{\"@type\":\"EntryPoint\",\"urlTemplate\":\"https:\\\/\\\/baiedesomme-exploration.fr\\\/?s={search_term_string}\"},\"query-input\":{\"@type\":\"PropertyValueSpecification\",\"valueRequired\":true,\"valueName\":\"search_term_string\"}}],\"inLanguage\":\"fr-FR\"}]}<\/script>\n<!-- \/ Yoast SEO plugin. -->","yoast_head_json":{"title":"Informations - Baie de Somme Exploration","robots":{"index":"index","follow":"follow","max-snippet":"max-snippet:-1","max-image-preview":"max-image-preview:large","max-video-preview":"max-video-preview:-1"},"canonical":"https:\/\/baiedesomme-exploration.fr\/index.php\/informations\/","og_locale":"fr_FR","og_type":"article","og_title":"Informations - Baie de Somme Exploration","og_description":"Si l\u2019activit\u00e9 ne requiert pas de guide, pas d\u2019inqui\u00e9tude, vous aurez un num\u00e9ro de t\u00e9l\u00e9phone direct pour nous joindre : h\u00e9sitation sur le parcours, doute sur les indices, la lecture de carte, aides diverses... N\u2019h\u00e9sitez pas !Vous souhaitez partir seul ou en groupe ?Organiser un s\u00e9minaire d\u2019entreprise ?Ou encore avoir une escapade unique ? Appelez-nous [&hellip;]","og_url":"https:\/\/baiedesomme-exploration.fr\/index.php\/informations\/","og_site_name":"Baie de Somme Exploration","article_modified_time":"2023-06-26T07:41:46+00:00","twitter_card":"summary_large_image","twitter_misc":{"Dur\u00e9e de lecture estim\u00e9e":"3 minutes"},"schema":{"@context":"https:\/\/schema.org","@graph":[{"@type":"WebPage","@id":"https:\/\/baiedesomme-exploration.fr\/index.php\/informations\/","url":"https:\/\/baiedesomme-exploration.fr\/index.php\/informations\/","name":"Informations - Baie de Somme Exploration","isPartOf":{"@id":"https:\/\/baiedesomme-exploration.fr\/#website"},"datePublished":"2019-06-20T08:57:12+00:00","dateModified":"2023-06-26T07:41:46+00:00","breadcrumb":{"@id":"https:\/\/baiedesomme-exploration.fr\/index.php\/informations\/#breadcrumb"},"inLanguage":"fr-FR","potentialAction":[{"@type":"ReadAction","target":["https:\/\/baiedesomme-exploration.fr\/index.php\/informations\/"]}]},{"@type":"BreadcrumbList","@id":"https:\/\/baiedesomme-exploration.fr\/index.php\/informations\/#breadcrumb","itemListElement":[{"@type":"ListItem","position":1,"name":"Accueil","item":"https:\/\/baiedesomme-exploration.fr\/"},{"@type":"ListItem","position":2,"name":"Informations"}]},{"@type":"WebSite","@id":"https:\/\/baiedesomme-exploration.fr\/#website","url":"https:\/\/baiedesomme-exploration.fr\/","name":"Baie de Somme Exploration","description":"Organisation d&#039;activit\u00e9s touristiques en Baie de Somme","potentialAction":[{"@type":"SearchAction","target":{"@type":"EntryPoint","urlTemplate":"https:\/\/baiedesomme-exploration.fr\/?s={search_term_string}"},"query-input":{"@type":"PropertyValueSpecification","valueRequired":true,"valueName":"search_term_string"}}],"inLanguage":"fr-FR"}]}},"_links":{"self":[{"href":"https:\/\/baiedesomme-exploration.fr\/index.php\/wp-json\/wp\/v2\/pages\/180","targetHints":{"allow":["GET"]}}],"collection":[{"href":"https:\/\/baiedesomme-exploration.fr\/index.php\/wp-json\/wp\/v2\/pages"}],"about":[{"href":"https:\/\/baiedesomme-exploration.fr\/index.php\/wp-json\/wp\/v2\/types\/page"}],"author":[{"embeddable":true,"href":"https:\/\/baiedesomme-exploration.fr\/index.php\/wp-json\/wp\/v2\/users\/1"}],"replies":[{"embeddable":true,"href":"https:\/\/baiedesomme-exploration.fr\/index.php\/wp-json\/wp\/v2\/comments?post=180"}],"version-history":[{"count":16,"href":"https:\/\/baiedesomme-exploration.fr\/index.php\/wp-json\/wp\/v2\/pages\/180\/revisions"}],"predecessor-version":[{"id":1302,"href":"https:\/\/baiedesomme-exploration.fr\/index.php\/wp-json\/wp\/v2\/pages\/180\/revisions\/1302"}],"wp:attachment":[{"href":"https:\/\/baiedesomme-exploration.fr\/index.php\/wp-json\/wp\/v2\/media?parent=180"}],"curies":[{"name":"wp","href":"https:\/\/api.w.org\/{rel}","templated":true}]}}