{"id":354,"date":"2019-07-11T11:08:50","date_gmt":"2019-07-11T09:08:50","guid":{"rendered":"http:\/\/baiedesomme-exploration.fr\/?page_id=354"},"modified":"2024-11-18T12:21:09","modified_gmt":"2024-11-18T11:21:09","slug":"c-g-v","status":"publish","type":"page","link":"https:\/\/baiedesomme-exploration.fr\/index.php\/c-g-v\/","title":{"rendered":"C.G.V."},"content":{"rendered":"<p>[et_pb_section fb_built=\u00a0\u00bb1&Prime; _builder_version=\u00a0\u00bb4.16&Prime; global_colors_info=\u00a0\u00bb{}\u00a0\u00bb][et_pb_row _builder_version=\u00a0\u00bb4.16&Prime; global_colors_info=\u00a0\u00bb{}\u00a0\u00bb][et_pb_column type=\u00a0\u00bb4_4&Prime; _builder_version=\u00a0\u00bb4.16&Prime; global_colors_info=\u00a0\u00bb{}\u00a0\u00bb][et_pb_text _builder_version=\u00a0\u00bb4.16&Prime; global_colors_info=\u00a0\u00bb{}\u00a0\u00bb]<\/p>\n<h1><strong>Conditions G\u00e9n\u00e9rales de Vente<\/strong><\/h1>\n<p>&nbsp;<\/p>\n<p><strong><u>Activit\u00e9 <\/u><\/strong><\/p>\n<p><strong><u><\/u><\/strong><\/p>\n<p>Baie de Somme Exploration organise des chasses aux tr\u00e9sors, des randonn\u00e9es myst\u00e8res, des sorties nature et des sorties photos ci-apr\u00e8s nomm\u00e9es \u00ab\u00a0animations\u00a0\u00bb. Ces visites sont commercialis\u00e9es sur le site <a href=\"http:\/\/www.baiedesomme-exploration.fr\">www.baiedesomme-exploration.fr<\/a>.<\/p>\n<p>Toute personne participant \u00e0 l\u2019une des animations est nomm\u00e9 ci-apr\u00e8s \u00ab\u00a0client\u00a0\u00bb, qu\u2019il ait fait la r\u00e9servation lui-m\u00eame ou que quelqu\u2019un (personne physique ou morale) l\u2019ait faite pour lui.<\/p>\n<p>Les animations sont r\u00e9alis\u00e9es par un animateur, ci-apr\u00e8s nomm\u00e9 \u00ab\u00a0animateur\u00a0\u00bb.<\/p>\n<p>Le site <a href=\"http:\/\/www.baiedesomme-exploration.fr\">www.baiedesomme-exploration.fr<\/a> est \u00e9dit\u00e9 par la SASU Baie de Somme Exploration au capital social de 5000 euros, immatricul\u00e9e au R.C.S d\u2019Amiens sous le num\u00e9ro 842\u00a0980\u00a0484 et dont le si\u00e8ge social se trouve 11, rue de la gare &#8211; Lambercourt 80132 MIANNAY. Le n\u00b0 de TVA est FR 47 842980484. Le site web est h\u00e9berg\u00e9 par la soci\u00e9t\u00e9 OVH SAS \u2013 RCS Roubaix \u2013 N\u00b0 TVA : FR 22 424 761\u00a0419.<\/p>\n<p>Baie de Somme Exploration est joignable par mail (<a href=\"mailto:contact@baiedesomme-exploration.fr\">contact@baiedesomme-exploration.fr<\/a>) et par t\u00e9l\u00e9phone au 06 17 15 30 76.<\/p>\n<p>La r\u00e9servation ou la participation implique l\u2019acceptation sans r\u00e9serve des pr\u00e9sentes conditions g\u00e9n\u00e9rales de vente.<\/p>\n<p>&nbsp;<\/p>\n<p><strong><u>Inscription \u2013 R\u00e9servation<\/u><\/strong><\/p>\n<p><strong><u><\/u><\/strong><\/p>\n<p>L\u2019inscription s\u2019effectue par t\u00e9l\u00e9phone, courrier, e-mail ou via le syst\u00e8me de r\u00e9servation du site internet.<\/p>\n<p>Pour les groupes de plus de 15 personnes, elle donne lieu \u00e0 un devis.<\/p>\n<p>Une animation sera mise en place \u00e0 partir de 2 \u00e9quipes inscrites sur la journ\u00e9e ou de l&rsquo;\u00e9quivalent de 8 personnes (chasse au tr\u00e9sor \/ randonn\u00e9e myst\u00e8re), 10 personnes (sortie nature) ou 2 personnes (sortie photo). Une confirmation de la tenue de l&rsquo;animation sera fournie au moins 48h avant le d\u00e9but de l&rsquo;animation, par voie \u00e9lectrique.<\/p>\n<p>Le cas \u00e9ch\u00e9ant, un acompte de 30% du montant total de la prestation vous sera demand\u00e9 pour confirmer la commande, ainsi que le devis retourn\u00e9 sign\u00e9 avec bon pour accord.<\/p>\n<p>&nbsp;<\/p>\n<p><strong><u>Composition du groupe<\/u><\/strong><\/p>\n<p><strong><u><\/u><\/strong><\/p>\n<p>Dans un souci de proposer une prestation de qualit\u00e9, le nombre de participants est limit\u00e9 \u00e0 10 personnes par \u00e9quipe pour les randonn\u00e9es myst\u00e8res et les chasses au tr\u00e9sor, 25 personnes pour les sorties nature et 5 personnes pour les sorties photos. Au-del\u00e0, il sera n\u00e9cessaire de pr\u00e9voir plusieurs cr\u00e9neaux ou une animation sp\u00e9cifique (nous contacter).<\/p>\n<p>Les enfants doivent \u00eatre accompagn\u00e9s d\u2019un adulte. Ils resteront sous sa responsabilit\u00e9 durant l\u2019int\u00e9gralit\u00e9 de l\u2019animation.<\/p>\n<p>&nbsp;<\/p>\n<p><strong><u>Moyen de paiement<\/u><\/strong><\/p>\n<p><strong><u><\/u><\/strong><\/p>\n<p>Les prix s\u2019entendent TTC. La devise est l\u2019euro.<\/p>\n<p>Le paiement est r\u00e9alis\u00e9 sur pr\u00e9sentation de la facture. Il s\u2019effectue en esp\u00e8ce, ch\u00e8que bancaire, ch\u00e8que vacances sur place, ou par virement bancaire quelques jours auparavant de fa\u00e7on \u00e0 constater le versement avant l&rsquo;animation. Le paiement par carte bancaire n&rsquo;est pas disponible.<\/p>\n<p>Les tarifs pourront \u00eatre modifi\u00e9s en cas de changement l\u00e9gislatif et\/ou r\u00e9glementaire susceptibles d\u2019entra\u00eener des variations de prix tels que : modification du taux de TVA applicable, instauration de nouvelles taxes, etc.<\/p>\n<p>&nbsp;<\/p>\n<p><strong><u>Frais annexes non compris dans le prix de vente<\/u><\/strong><\/p>\n<p><strong><u><\/u><\/strong><\/p>\n<p>Les frais d&rsquo;acc\u00e8s aux sites, les frais de transports, les h\u00e9bergements ou les repas ne sont pas inclus dans le devis propos\u00e9 par Baie de Somme Exploration. Le jour de l\u2019animation, il conviendra de r\u00e9gler ces frais annexes \u00e9ventuels directement aux entit\u00e9s concern\u00e9es. Baie de Somme Exploration reste \u00e0 votre disposition pour vous informer sur l\u2019estimation de ces frais annexes.<\/p>\n<p>&nbsp;<\/p>\n<p><strong><u>Mat\u00e9riel<\/u><\/strong><\/p>\n<p><strong><u><\/u><\/strong><\/p>\n<p>Lors d\u2019une animation, il sera pr\u00eat\u00e9 le mat\u00e9riel n\u00e9cessaire pour l&rsquo;animation. Ce pr\u00eat est compris dans le prix de la prestation.<br \/>En cas de d\u00e9gradation du mat\u00e9riel, en dehors de l&rsquo;usure normale, il sera factur\u00e9 au client 20 euros TTC par \u00e9l\u00e9ment d\u00e9grad\u00e9.<\/p>\n<p>Baie de Somme Exploration ne peut \u00eatre tenu responsable pour toute perte ou d\u00e9t\u00e9rioration des effets personnels du client. Le client est enti\u00e8rement responsable de ses effets personnels pendant l&rsquo;animation.<\/p>\n<p>Afin de profiter de l\u2019animation dans les meilleurs conditions, le client est invit\u00e9 \u00e0 ne venir qu\u2019avec le strict n\u00e9cessaire. En effet, aucun objet personnel, quel qu\u2019il soit, ne pourra \u00eatre gard\u00e9 pendant l\u2019animation par la soci\u00e9t\u00e9 Baie de Somme Exploration.<\/p>\n<p>Pour les animations ayant lieu en ext\u00e9rieur, le client est pri\u00e9 de pr\u00e9voir au minimum des chaussures de marche ou de sport et une tenue adapt\u00e9e aux conditions m\u00e9t\u00e9orologiques.<\/p>\n<p>&nbsp;<\/p>\n<p><strong><u>S\u00e9curit\u00e9<\/u><\/strong><\/p>\n<p><strong><u><\/u><\/strong><\/p>\n<p>Le client doit se montrer respectueux envers l\u2019animateur et les autres participants \u00e0 l\u2019animation. Avant le d\u00e9part, l\u2019animateur donnera les consignes de s\u00e9curit\u00e9 \u00e0 respecter. Le client s\u2019engage \u00e0 les respecter scrupuleusement, et ce, pendant toute la dur\u00e9e de l\u2019animation. Pendant l\u2019animation, le client s\u2019engage \u00e0 \u00eatre \u00e0 l\u2019\u00e9coute des consignes donn\u00e9es par l\u2019animateur, qu\u2019elles soient verbales ou non (signes faits avec les mains etc\u2026).<\/p>\n<p>Pendant le jeu, il est interdit de s\u2019\u00e9loigner du p\u00e9rim\u00e8tre d\u00e9fini au d\u00e9but de l\u2019animation, sauf en cas de n\u00e9cessit\u00e9 li\u00e9e \u00e0 la s\u00e9curit\u00e9 de tout ou partie du groupe ou d\u2019autrui, ou de demande expresse de l\u2019animateur.<\/p>\n<p>Le client, selon ses capacit\u00e9s physiques, doit s\u2019assurer de pouvoir r\u00e9aliser l\u2019animation dans sa totalit\u00e9. Pour cela, il doit tenir compte des informations fournies en d\u00e9but de l\u2019animation et sur tout support li\u00e9 \u00e0 l\u2019activit\u00e9. Cela concerne notamment la nature du terrain et la dur\u00e9e de la marche n\u00e9cessaire.<\/p>\n<p>Le client est conscient des risques inh\u00e9rents \u00e0 la visite. Il en assume l\u2019enti\u00e8re responsabilit\u00e9, et de ce fait s\u2019engage \u00e0 ne pas en faire porter, d\u2019aucune mani\u00e8re que ce soit, la responsabilit\u00e9 \u00e0 l\u2019animateur et \u00e0 la soci\u00e9t\u00e9 Baie de Somme Exploration.<\/p>\n<p>Dans tous les cas, la soci\u00e9t\u00e9 Baie de Somme Exploration et son animateur ne peuvent \u00eatre tenus responsables d\u2019un accident d\u00fb \u00e0 une prise d\u2019initiative de la part du client ou en cas de non-respect des consignes de s\u00e9curit\u00e9 de l\u2019animateur.<\/p>\n<p>L\u2019animateur peut d\u00e9cider pour la s\u00e9curit\u00e9 du groupe (client alcoolis\u00e9, ne respectant pas les r\u00e8gles de s\u00e9curit\u00e9 etc\u2026) de demander \u00e0 un ou plusieurs clients de ne pas y prendre part, ou de quitter le groupe en cours de l\u2019animation. Le ou les clients concern\u00e9s doivent s\u2019ex\u00e9cuter sans discussion et signer une d\u00e9charge aupr\u00e8s de l\u2019animateur.<\/p>\n<p>Un client ainsi \u00e9cart\u00e9 par l\u2019animateur ne pourra pr\u00e9tendre \u00e0 aucun remboursement.<\/p>\n<p><strong><u><\/u><\/strong><\/p>\n<p><strong><u>Conditions d\u2019annulation<\/u><\/strong><\/p>\n<p><strong><u><\/u><\/strong><\/p>\n<p>Baie de Somme Exploration se r\u00e9serve le droit d\u2019annuler l\u2019une de ses animations en cas de force majeure, indisponibilit\u00e9 soudaine et non pr\u00e9visible de l\u2019animateur, ou en cas de nombre insuffisant de participants. En cas d\u2019annulation \u00e0 l\u2019initiative de la soci\u00e9t\u00e9 Baie de Somme Exploration, cette derni\u00e8re pr\u00e9viendra les participants concern\u00e9s par voie \u00e9lectronique (via les donn\u00e9es fournies lors de la r\u00e9servation), leur proposera de reporter sur d\u2019autres cr\u00e9neaux et le cas \u00e9ch\u00e9ant \u00e0 leur remboursement int\u00e9grale.<\/p>\n<p>Dans le cas d&rsquo;une annulation de la part du client, l&rsquo;acompte sera int\u00e9gralement rembours\u00e9 en cas d&rsquo;annulation au moins 14 jours avant la date de l&rsquo;animation. Dans le cas contraire, il sera encaiss\u00e9 et donnera lieu \u00e0 un avoir d&rsquo;une dur\u00e9e et validit\u00e9 d&rsquo;un an et d&rsquo;un montant \u00e9quivalent.<\/p>\n<p>&nbsp;<\/p>\n<p><strong><u>Retard<\/u><\/strong><\/p>\n<p><strong><u><\/u><\/strong><\/p>\n<p>L\u2019horaire de l\u2019animation pr\u00e9vue doit \u00eatre respect\u00e9. Tout retard devra \u00eatre notifi\u00e9 aupr\u00e8s de Baie de Somme Exploration par quelque moyen que ce soit. Cependant, pass\u00e9 un d\u00e9lai de retard de 30 minutes, Baie de Somme Exploration ne sera plus tenu d\u2019accepter les retardataires \u00e0 la chasse aux tr\u00e9sors. Dans ce cas, les clients retardataires ne pourront pas pr\u00e9tendre \u00e0 un remboursement.<\/p>\n<p>&nbsp;<\/p>\n<p><strong><u>Assurances<\/u><\/strong><strong><u><\/u><\/strong><\/p>\n<p><strong><u><\/u><\/strong><\/p>\n<p>Le client d\u00e9clare qu\u2019il est bien titulaire d\u2019une police d\u2019assurance de responsabilit\u00e9 civile.<\/p>\n<p>Baie de Somme Exploration a de son c\u00f4t\u00e9 contract\u00e9, aupr\u00e8s de Swisslife Assurances, par l\u2019interm\u00e9diaire de Madame Val\u00e9rie CHAPEAU, 2 rue des teinturiers 80100 ABBEVILLE, une police d\u2019assurance de responsabilit\u00e9 civile professionnelle.<\/p>\n<p>&nbsp;<\/p>\n<p><strong><u>R\u00e9clamations<\/u><\/strong><\/p>\n<p><strong><u><\/u><\/strong><\/p>\n<p>Toute r\u00e9clamation relative \u00e0 une animation doit \u00eatre adress\u00e9e au si\u00e8ge social de Baie de Somme Exploration par lettre recommand\u00e9e avec accus\u00e9 de r\u00e9ception dans un d\u00e9lai inf\u00e9rieur \u00e0 15 jours apr\u00e8s la date de r\u00e9alisation de cette animation.<\/p>\n<p>&nbsp;<\/p>\n<p>[\/et_pb_text][\/et_pb_column][\/et_pb_row][\/et_pb_section]<\/p>\n","protected":false},"excerpt":{"rendered":"<p>Conditions G\u00e9n\u00e9rales de Vente &nbsp; Activit\u00e9 Baie de Somme Exploration organise des chasses aux tr\u00e9sors, des randonn\u00e9es myst\u00e8res, des sorties nature et des sorties photos ci-apr\u00e8s nomm\u00e9es \u00ab\u00a0animations\u00a0\u00bb. Ces visites sont commercialis\u00e9es sur le site www.baiedesomme-exploration.fr. Toute personne participant \u00e0 l\u2019une des animations est nomm\u00e9 ci-apr\u00e8s \u00ab\u00a0client\u00a0\u00bb, qu\u2019il ait fait la r\u00e9servation lui-m\u00eame ou que [&hellip;]<\/p>\n","protected":false},"author":1,"featured_media":0,"parent":0,"menu_order":0,"comment_status":"closed","ping_status":"closed","template":"","meta":{"_et_pb_use_builder":"on","_et_pb_old_content":"","_et_gb_content_width":"","footnotes":""},"class_list":["post-354","page","type-page","status-publish","hentry"],"yoast_head":"<!-- This site is optimized with the Yoast SEO plugin v27.5 - https:\/\/yoast.com\/product\/yoast-seo-wordpress\/ -->\n<title>C.G.V. - Baie de Somme Exploration<\/title>\n<meta name=\"robots\" content=\"index, follow, max-snippet:-1, max-image-preview:large, max-video-preview:-1\" \/>\n<link rel=\"canonical\" href=\"https:\/\/baiedesomme-exploration.fr\/index.php\/c-g-v\/\" \/>\n<meta property=\"og:locale\" content=\"fr_FR\" \/>\n<meta property=\"og:type\" content=\"article\" \/>\n<meta property=\"og:title\" content=\"C.G.V. - Baie de Somme Exploration\" \/>\n<meta property=\"og:description\" content=\"Conditions G\u00e9n\u00e9rales de Vente &nbsp; Activit\u00e9 Baie de Somme Exploration organise des chasses aux tr\u00e9sors, des randonn\u00e9es myst\u00e8res, des sorties nature et des sorties photos ci-apr\u00e8s nomm\u00e9es \u00ab\u00a0animations\u00a0\u00bb. Ces visites sont commercialis\u00e9es sur le site www.baiedesomme-exploration.fr. Toute personne participant \u00e0 l\u2019une des animations est nomm\u00e9 ci-apr\u00e8s \u00ab\u00a0client\u00a0\u00bb, qu\u2019il ait fait la r\u00e9servation lui-m\u00eame ou que [&hellip;]\" \/>\n<meta property=\"og:url\" content=\"https:\/\/baiedesomme-exploration.fr\/index.php\/c-g-v\/\" \/>\n<meta property=\"og:site_name\" content=\"Baie de Somme Exploration\" \/>\n<meta property=\"article:modified_time\" content=\"2024-11-18T11:21:09+00:00\" \/>\n<meta name=\"twitter:card\" content=\"summary_large_image\" \/>\n<meta name=\"twitter:label1\" content=\"Dur\u00e9e de lecture estim\u00e9e\" \/>\n\t<meta name=\"twitter:data1\" content=\"7 minutes\" \/>\n<script type=\"application\/ld+json\" class=\"yoast-schema-graph\">{\"@context\":\"https:\\\/\\\/schema.org\",\"@graph\":[{\"@type\":\"WebPage\",\"@id\":\"https:\\\/\\\/baiedesomme-exploration.fr\\\/index.php\\\/c-g-v\\\/\",\"url\":\"https:\\\/\\\/baiedesomme-exploration.fr\\\/index.php\\\/c-g-v\\\/\",\"name\":\"C.G.V. - Baie de Somme Exploration\",\"isPartOf\":{\"@id\":\"https:\\\/\\\/baiedesomme-exploration.fr\\\/#website\"},\"datePublished\":\"2019-07-11T09:08:50+00:00\",\"dateModified\":\"2024-11-18T11:21:09+00:00\",\"breadcrumb\":{\"@id\":\"https:\\\/\\\/baiedesomme-exploration.fr\\\/index.php\\\/c-g-v\\\/#breadcrumb\"},\"inLanguage\":\"fr-FR\",\"potentialAction\":[{\"@type\":\"ReadAction\",\"target\":[\"https:\\\/\\\/baiedesomme-exploration.fr\\\/index.php\\\/c-g-v\\\/\"]}]},{\"@type\":\"BreadcrumbList\",\"@id\":\"https:\\\/\\\/baiedesomme-exploration.fr\\\/index.php\\\/c-g-v\\\/#breadcrumb\",\"itemListElement\":[{\"@type\":\"ListItem\",\"position\":1,\"name\":\"Accueil\",\"item\":\"https:\\\/\\\/baiedesomme-exploration.fr\\\/\"},{\"@type\":\"ListItem\",\"position\":2,\"name\":\"C.G.V.\"}]},{\"@type\":\"WebSite\",\"@id\":\"https:\\\/\\\/baiedesomme-exploration.fr\\\/#website\",\"url\":\"https:\\\/\\\/baiedesomme-exploration.fr\\\/\",\"name\":\"Baie de Somme Exploration\",\"description\":\"Organisation d&#039;activit\u00e9s touristiques en Baie de Somme\",\"potentialAction\":[{\"@type\":\"SearchAction\",\"target\":{\"@type\":\"EntryPoint\",\"urlTemplate\":\"https:\\\/\\\/baiedesomme-exploration.fr\\\/?s={search_term_string}\"},\"query-input\":{\"@type\":\"PropertyValueSpecification\",\"valueRequired\":true,\"valueName\":\"search_term_string\"}}],\"inLanguage\":\"fr-FR\"}]}<\/script>\n<!-- \/ Yoast SEO plugin. -->","yoast_head_json":{"title":"C.G.V. - Baie de Somme Exploration","robots":{"index":"index","follow":"follow","max-snippet":"max-snippet:-1","max-image-preview":"max-image-preview:large","max-video-preview":"max-video-preview:-1"},"canonical":"https:\/\/baiedesomme-exploration.fr\/index.php\/c-g-v\/","og_locale":"fr_FR","og_type":"article","og_title":"C.G.V. - Baie de Somme Exploration","og_description":"Conditions G\u00e9n\u00e9rales de Vente &nbsp; Activit\u00e9 Baie de Somme Exploration organise des chasses aux tr\u00e9sors, des randonn\u00e9es myst\u00e8res, des sorties nature et des sorties photos ci-apr\u00e8s nomm\u00e9es \u00ab\u00a0animations\u00a0\u00bb. Ces visites sont commercialis\u00e9es sur le site www.baiedesomme-exploration.fr. Toute personne participant \u00e0 l\u2019une des animations est nomm\u00e9 ci-apr\u00e8s \u00ab\u00a0client\u00a0\u00bb, qu\u2019il ait fait la r\u00e9servation lui-m\u00eame ou que [&hellip;]","og_url":"https:\/\/baiedesomme-exploration.fr\/index.php\/c-g-v\/","og_site_name":"Baie de Somme Exploration","article_modified_time":"2024-11-18T11:21:09+00:00","twitter_card":"summary_large_image","twitter_misc":{"Dur\u00e9e de lecture estim\u00e9e":"7 minutes"},"schema":{"@context":"https:\/\/schema.org","@graph":[{"@type":"WebPage","@id":"https:\/\/baiedesomme-exploration.fr\/index.php\/c-g-v\/","url":"https:\/\/baiedesomme-exploration.fr\/index.php\/c-g-v\/","name":"C.G.V. - Baie de Somme Exploration","isPartOf":{"@id":"https:\/\/baiedesomme-exploration.fr\/#website"},"datePublished":"2019-07-11T09:08:50+00:00","dateModified":"2024-11-18T11:21:09+00:00","breadcrumb":{"@id":"https:\/\/baiedesomme-exploration.fr\/index.php\/c-g-v\/#breadcrumb"},"inLanguage":"fr-FR","potentialAction":[{"@type":"ReadAction","target":["https:\/\/baiedesomme-exploration.fr\/index.php\/c-g-v\/"]}]},{"@type":"BreadcrumbList","@id":"https:\/\/baiedesomme-exploration.fr\/index.php\/c-g-v\/#breadcrumb","itemListElement":[{"@type":"ListItem","position":1,"name":"Accueil","item":"https:\/\/baiedesomme-exploration.fr\/"},{"@type":"ListItem","position":2,"name":"C.G.V."}]},{"@type":"WebSite","@id":"https:\/\/baiedesomme-exploration.fr\/#website","url":"https:\/\/baiedesomme-exploration.fr\/","name":"Baie de Somme Exploration","description":"Organisation d&#039;activit\u00e9s touristiques en Baie de Somme","potentialAction":[{"@type":"SearchAction","target":{"@type":"EntryPoint","urlTemplate":"https:\/\/baiedesomme-exploration.fr\/?s={search_term_string}"},"query-input":{"@type":"PropertyValueSpecification","valueRequired":true,"valueName":"search_term_string"}}],"inLanguage":"fr-FR"}]}},"_links":{"self":[{"href":"https:\/\/baiedesomme-exploration.fr\/index.php\/wp-json\/wp\/v2\/pages\/354","targetHints":{"allow":["GET"]}}],"collection":[{"href":"https:\/\/baiedesomme-exploration.fr\/index.php\/wp-json\/wp\/v2\/pages"}],"about":[{"href":"https:\/\/baiedesomme-exploration.fr\/index.php\/wp-json\/wp\/v2\/types\/page"}],"author":[{"embeddable":true,"href":"https:\/\/baiedesomme-exploration.fr\/index.php\/wp-json\/wp\/v2\/users\/1"}],"replies":[{"embeddable":true,"href":"https:\/\/baiedesomme-exploration.fr\/index.php\/wp-json\/wp\/v2\/comments?post=354"}],"version-history":[{"count":7,"href":"https:\/\/baiedesomme-exploration.fr\/index.php\/wp-json\/wp\/v2\/pages\/354\/revisions"}],"predecessor-version":[{"id":2145,"href":"https:\/\/baiedesomme-exploration.fr\/index.php\/wp-json\/wp\/v2\/pages\/354\/revisions\/2145"}],"wp:attachment":[{"href":"https:\/\/baiedesomme-exploration.fr\/index.php\/wp-json\/wp\/v2\/media?parent=354"}],"curies":[{"name":"wp","href":"https:\/\/api.w.org\/{rel}","templated":true}]}}