{"id":409,"date":"2019-09-18T15:05:11","date_gmt":"2019-09-18T13:05:11","guid":{"rendered":"http:\/\/baiedesomme-exploration.fr\/?page_id=409"},"modified":"2024-05-27T14:52:09","modified_gmt":"2024-05-27T12:52:09","slug":"la-presse-en-parle","status":"publish","type":"page","link":"https:\/\/baiedesomme-exploration.fr\/index.php\/la-presse-en-parle\/","title":{"rendered":"La presse en parle !"},"content":{"rendered":"<p>[et_pb_section fb_built=\u00a0\u00bb1&Prime; _builder_version=\u00a0\u00bb4.16&Prime; global_colors_info=\u00a0\u00bb{}\u00a0\u00bb][et_pb_row column_structure=\u00a0\u00bb1_2,1_2&Prime; _builder_version=\u00a0\u00bb4.17.4&Prime; _module_preset=\u00a0\u00bbdefault\u00a0\u00bb global_colors_info=\u00a0\u00bb{}\u00a0\u00bb][et_pb_column type=\u00a0\u00bb1_2&Prime; _builder_version=\u00a0\u00bb4.17.4&Prime; _module_preset=\u00a0\u00bbdefault\u00a0\u00bb global_colors_info=\u00a0\u00bb{}\u00a0\u00bb][et_pb_text _builder_version=\u00a0\u00bb4.25.1&Prime; _module_preset=\u00a0\u00bbdefault\u00a0\u00bb text_font_size=\u00a0\u00bb16px\u00a0\u00bb custom_margin=\u00a0\u00bb||10px|||\u00a0\u00bb hover_enabled=\u00a0\u00bb0&Prime; global_colors_info=\u00a0\u00bb{}\u00a0\u00bb sticky_enabled=\u00a0\u00bb0&Prime;]<\/p>\n<p>La Gazette du 22 avril 2024 par ISABELLE BOIDANGHEIN\u00a0<\/p>\n<p>[\/et_pb_text][et_pb_image src=\u00a0\u00bbhttps:\/\/baiedesomme-exploration.fr\/wp-content\/uploads\/2024\/05\/la-gazette-france.png\u00a0\u00bb _builder_version=\u00a0\u00bb4.25.1&Prime; _module_preset=\u00a0\u00bbdefault\u00a0\u00bb title_text=\u00a0\u00bbla-gazette-france\u00a0\u00bb hover_enabled=\u00a0\u00bb0&Prime; sticky_enabled=\u00a0\u00bb0&Prime; url=\u00a0\u00bbhttps:\/\/www.lagazettefrance.fr\/article\/des-seminaires-au-vert-en-baie-de-somme?fbclid=IwZXh0bgNhZW0CMTAAAR3z_lh0w45ryPvbuKQ57SlkI2WWNlpTDcZrbC05UPG8jgpv7N09gYcvenU_aem_AUQfqwHjszIOvpj8cn9qiyTQFMw6GMNmldxOH9ay6mXHf5qSkdzYT_61nNoGcmkcuonboGVCx6woMAyYf62n014J\u00a0\u00bb][\/et_pb_image][et_pb_text _builder_version=\u00a0\u00bb4.22.1&Prime; _module_preset=\u00a0\u00bbdefault\u00a0\u00bb text_font_size=\u00a0\u00bb16px\u00a0\u00bb custom_margin=\u00a0\u00bb||10px|||\u00a0\u00bb global_colors_info=\u00a0\u00bb{}\u00a0\u00bb]<\/p>\n<p>France 3 Hauts-de-France, de Corbie \u00e0 Amiens.<\/p>\n<p>[\/et_pb_text][et_pb_video src=\u00a0\u00bbhttps:\/\/baiedesomme-exploration.fr\/wp-content\/uploads\/2023\/09\/de-corbie-a-amiens.mp4&Prime; _builder_version=\u00a0\u00bb4.22.1&Prime; _module_preset=\u00a0\u00bbdefault\u00a0\u00bb global_colors_info=\u00a0\u00bb{}\u00a0\u00bb][\/et_pb_video][et_pb_text _builder_version=\u00a0\u00bb4.17.4&Prime; _module_preset=\u00a0\u00bbdefault\u00a0\u00bb text_font_size=\u00a0\u00bb16px\u00a0\u00bb custom_margin=\u00a0\u00bb||10px|||\u00a0\u00bb global_colors_info=\u00a0\u00bb{}\u00a0\u00bb]<\/p>\n<p>Les journalistes de France 3 sont venus accompagner des explorateurs dans le Marquenterre.<\/p>\n<p>[\/et_pb_text][et_pb_video src=\u00a0\u00bbhttps:\/\/baiedesomme-exploration.fr\/wp-content\/uploads\/2022\/07\/France-3-Baie-de-Somme-Exploration.mp4&Prime; _builder_version=\u00a0\u00bb4.17.4&Prime; _module_preset=\u00a0\u00bbdefault\u00a0\u00bb global_colors_info=\u00a0\u00bb{}\u00a0\u00bb][\/et_pb_video][et_pb_text _builder_version=\u00a0\u00bb4.17.4&Prime; _module_preset=\u00a0\u00bbdefault\u00a0\u00bb text_font_size=\u00a0\u00bb16px\u00a0\u00bb custom_margin=\u00a0\u00bb||10px|||\u00a0\u00bb global_colors_info=\u00a0\u00bb{}\u00a0\u00bb]<\/p>\n<p>T\u00e9moignage d\u2019une sympathique famille de leur randonn\u00e9e myst\u00e8re au Bois de Cise dans le magasine Esprit Hauts de France.<\/p>\n<p>[\/et_pb_text][et_pb_image src=\u00a0\u00bbhttps:\/\/baiedesomme-exploration.fr\/wp-content\/uploads\/2022\/07\/Esprit-Hauts-de-France-Temoignage.jpg\u00a0\u00bb title_text=\u00a0\u00bbLB Itin\u00e9rances\u00a0\u00bb show_in_lightbox=\u00a0\u00bbon\u00a0\u00bb _builder_version=\u00a0\u00bb4.17.4&Prime; _module_preset=\u00a0\u00bbdefault\u00a0\u00bb global_colors_info=\u00a0\u00bb{}\u00a0\u00bb][\/et_pb_image][\/et_pb_column][et_pb_column type=\u00a0\u00bb1_2&Prime; _builder_version=\u00a0\u00bb4.17.4&Prime; _module_preset=\u00a0\u00bbdefault\u00a0\u00bb global_colors_info=\u00a0\u00bb{}\u00a0\u00bb][et_pb_text _builder_version=\u00a0\u00bb4.22.1&Prime; _module_preset=\u00a0\u00bbdefault\u00a0\u00bb text_font_size=\u00a0\u00bb16px\u00a0\u00bb custom_margin=\u00a0\u00bb||10px|||\u00a0\u00bb global_colors_info=\u00a0\u00bb{}\u00a0\u00bb]<\/p>\n<p>Animation Baie de Somme Exploration, France Bleu Picardie<\/p>\n<p>[\/et_pb_text][et_pb_audio audio=\u00a0\u00bbhttps:\/\/baiedesomme-exploration.fr\/wp-content\/uploads\/2023\/09\/Animation-Export_Baie_de_Somme_exploration.mp3&Prime; title=\u00a0\u00bbAnimation Baie de Somme Exploration\u00a0\u00bb artist_name=\u00a0\u00bbFrance Bleu Picardie\u00a0\u00bb _builder_version=\u00a0\u00bb4.22.1&Prime; _module_preset=\u00a0\u00bbdefault\u00a0\u00bb global_colors_info=\u00a0\u00bb{}\u00a0\u00bb][\/et_pb_audio][et_pb_text _builder_version=\u00a0\u00bb4.22.1&Prime; _module_preset=\u00a0\u00bbdefault\u00a0\u00bb text_font_size=\u00a0\u00bb16px\u00a0\u00bb custom_margin=\u00a0\u00bb||10px|||\u00a0\u00bb global_colors_info=\u00a0\u00bb{}\u00a0\u00bb]<\/p>\n<p>Podcast Somme Where &#8211; Somme Tourisme<\/p>\n<p>[\/et_pb_text][et_pb_audio audio=\u00a0\u00bbhttps:\/\/baiedesomme-exploration.fr\/wp-content\/uploads\/2023\/09\/podcast-somme-where.mp3&Prime; title=\u00a0\u00bbPodcat Somme Where\u00a0\u00bb artist_name=\u00a0\u00bbSomme Tourisme\u00a0\u00bb _builder_version=\u00a0\u00bb4.22.1&Prime; _module_preset=\u00a0\u00bbdefault\u00a0\u00bb global_colors_info=\u00a0\u00bb{}\u00a0\u00bb][\/et_pb_audio][et_pb_text _builder_version=\u00a0\u00bb4.17.4&Prime; _module_preset=\u00a0\u00bbdefault\u00a0\u00bb text_font_size=\u00a0\u00bb16px\u00a0\u00bb custom_margin=\u00a0\u00bb||10px|||\u00a0\u00bb global_colors_info=\u00a0\u00bb{}\u00a0\u00bb]<\/p>\n<p>Passage sur France Bleu Picardie pour pr\u00e9senter la randonn\u00e9e myst\u00e8re de Cappy et celle du Bois de Cise.<\/p>\n<p>[\/et_pb_text][et_pb_audio audio=\u00a0\u00bbhttps:\/\/baiedesomme-exploration.fr\/wp-content\/uploads\/2022\/07\/Circuit_nature-BOB_1_LUNDI_VINCENT_CRUL_RANDO_MYSTERE_CAPY_LUNDI-NET_f8f85178-6568-4651-9110-75c08ee8872c.mp3&Prime; title=\u00a0\u00bbCircuit Nature &#8211; Lundi\u00a0\u00bb artist_name=\u00a0\u00bbFrance Bleu Picardie\u00a0\u00bb _builder_version=\u00a0\u00bb4.17.4&Prime; _module_preset=\u00a0\u00bbdefault\u00a0\u00bb global_colors_info=\u00a0\u00bb{}\u00a0\u00bb][\/et_pb_audio][et_pb_audio audio=\u00a0\u00bbhttps:\/\/baiedesomme-exploration.fr\/wp-content\/uploads\/2022\/07\/Circuit_nature-BOB_2_MARDI_VINCENT_CRUL_RANDO_MYSTERE_BIENVENU_A_-NET_4ea5c488-dc43-4b37-9538-52ca1ee634b6.mp3&Prime; title=\u00a0\u00bbCircuit Nature &#8211; Mardi\u00a0\u00bb artist_name=\u00a0\u00bbFrance Bleu Picardie\u00a0\u00bb _builder_version=\u00a0\u00bb4.17.4&Prime; _module_preset=\u00a0\u00bbdefault\u00a0\u00bb global_colors_info=\u00a0\u00bb{}\u00a0\u00bb][\/et_pb_audio][et_pb_audio audio=\u00a0\u00bbhttps:\/\/baiedesomme-exploration.fr\/wp-content\/uploads\/2022\/07\/Circuit_nature-BOB_3_MERCREDI_VINCENT_CRUL_BOIS_DE_CISE_PRESENTAT-NET_570c6e25-24a1-4002-a707-6aad14a95e8d.mp3&Prime; title=\u00a0\u00bbCircuit Nature &#8211; Mercredi\u00a0\u00bb artist_name=\u00a0\u00bbFrance Bleu Picardie\u00a0\u00bb _builder_version=\u00a0\u00bb4.17.4&Prime; _module_preset=\u00a0\u00bbdefault\u00a0\u00bb global_colors_info=\u00a0\u00bb{}\u00a0\u00bb][\/et_pb_audio][et_pb_audio audio=\u00a0\u00bbhttps:\/\/baiedesomme-exploration.fr\/wp-content\/uploads\/2022\/07\/Circuit_nature-BOB_4_JEUDI_VINCENT_CRUL_BOIS_DE_CISE_LA_NATURE-NET_7282314d-186f-4a1d-b1a8-e4973023169e.mp3&Prime; title=\u00a0\u00bbCircuit Nature &#8211; Jeudi\u00a0\u00bb artist_name=\u00a0\u00bbFrance Bleu Picardie\u00a0\u00bb _builder_version=\u00a0\u00bb4.17.4&Prime; _module_preset=\u00a0\u00bbdefault\u00a0\u00bb global_colors_info=\u00a0\u00bb{}\u00a0\u00bb][\/et_pb_audio][et_pb_audio audio=\u00a0\u00bbhttps:\/\/baiedesomme-exploration.fr\/wp-content\/uploads\/2022\/07\/Circuit_nature-BOB_5_VENDREDI_VINCENT_CRUL_BOIS_DE_CISE_VILLAS_MY-NET_342957ff-c02d-40bc-a7df-d20f633a15bf.mp3&Prime; title=\u00a0\u00bbCircuit Nature &#8211; Vendredi\u00a0\u00bb artist_name=\u00a0\u00bbFrance Bleu Picardie\u00a0\u00bb _builder_version=\u00a0\u00bb4.17.4&Prime; _module_preset=\u00a0\u00bbdefault\u00a0\u00bb global_colors_info=\u00a0\u00bb{}\u00a0\u00bb][\/et_pb_audio][\/et_pb_column][\/et_pb_row][et_pb_row column_structure=\u00a0\u00bb1_2,1_2&Prime; _builder_version=\u00a0\u00bb4.16&Prime; global_colors_info=\u00a0\u00bb{}\u00a0\u00bb][et_pb_column type=\u00a0\u00bb1_2&Prime; _builder_version=\u00a0\u00bb4.16&Prime; global_colors_info=\u00a0\u00bb{}\u00a0\u00bb][et_pb_blurb title=\u00a0\u00bbIntervention sur France t\u00e9l\u00e9vision\u00a0\u00bb image=\u00a0\u00bbhttps:\/\/baiedesomme-exploration.fr\/wp-content\/uploads\/2019\/09\/Ensemble-cest-mieux.jpg\u00a0\u00bb _builder_version=\u00a0\u00bb4.16&Prime; border_radii_image=\u00a0\u00bbon|9px|9px|9px|9px\u00a0\u00bb box_shadow_style_image=\u00a0\u00bbpreset1&Prime; global_colors_info=\u00a0\u00bb{}\u00a0\u00bb]<span style=\"display: inline !important; float: none; background-color: #ffffff; color: #1c1e21; font-family: inherit; font-size: 14px; font-style: normal; font-variant: normal; font-weight: 400; letter-spacing: normal; orphans: 2; text-align: left; text-decoration: none; text-indent: 0px; text-transform: none; -webkit-text-stroke-width: 0px; white-space: normal; word-spacing: 0px;\">\u00ab\u00a0Ensemble c&rsquo;est mieux\u00a0\u00bb, diffus\u00e9e sur France 3<\/span> le 3 septembre 2019\u00a0<span style=\"display: inline !important; float: none; background-color: #ffffff; color: #1c1e21; font-family: inherit; font-size: 14px; font-style: normal; font-variant: normal; font-weight: 400; letter-spacing: normal; orphans: 2; text-align: left; text-decoration: none; text-indent: 0px; text-transform: none; -webkit-text-stroke-width: 0px; white-space: normal; word-spacing: 0px;\">en compagnie des sympathiques pr\u00e9sentateurs Thibault Rysman et Anne-Sophie Roquette<\/span>.[\/et_pb_blurb][\/et_pb_column][et_pb_column type=\u00a0\u00bb1_2&Prime; _builder_version=\u00a0\u00bb4.16&Prime; global_colors_info=\u00a0\u00bb{}\u00a0\u00bb][et_pb_video src=\u00a0\u00bbhttps:\/\/baiedesomme-exploration.fr\/wp-content\/uploads\/2019\/09\/passage-france-3.mp4&Prime; _builder_version=\u00a0\u00bb4.16&Prime; box_shadow_style=\u00a0\u00bbpreset3&Prime; global_colors_info=\u00a0\u00bb{}\u00a0\u00bb][\/et_pb_video][\/et_pb_column][\/et_pb_row][et_pb_row column_structure=\u00a0\u00bb1_2,1_2&Prime; _builder_version=\u00a0\u00bb4.16&Prime; global_colors_info=\u00a0\u00bb{}\u00a0\u00bb][et_pb_column type=\u00a0\u00bb1_2&Prime; _builder_version=\u00a0\u00bb4.16&Prime; global_colors_info=\u00a0\u00bb{}\u00a0\u00bb][et_pb_blurb title=\u00a0\u00bbLaur\u00e9at du concours organis\u00e9 par le r\u00e9seau BGE\u00a0\u00bb image=\u00a0\u00bbhttps:\/\/baiedesomme-exploration.fr\/wp-content\/uploads\/2019\/09\/laur\u00e9at-BGE.jpg\u00a0\u00bb _builder_version=\u00a0\u00bb4.16&Prime; header_font=\u00a0\u00bb||||||||\u00a0\u00bb header_text_align=\u00a0\u00bbcenter\u00a0\u00bb header_font_size=\u00a0\u00bb22px\u00a0\u00bb border_radii=\u00a0\u00bbon|7px|7px|7px|7px\u00a0\u00bb global_colors_info=\u00a0\u00bb{}\u00a0\u00bb]<\/p>\n<p style=\"color: #1c1e21; font-family: inherit; font-size: 14px; font-style: normal; font-variant: normal; font-weight: 400; letter-spacing: normal; orphans: 2; text-align: left; text-decoration: none; text-indent: 0px; text-transform: none; -webkit-text-stroke-width: 0px; white-space: normal; word-spacing: 0px; margin: 0px 0px 6px 0px;\"><span style=\"display: inline !important; float: none; background-color: #ffffff; color: #666666; font-family: inherit; font-size: 12px; font-style: normal; font-variant: normal; font-weight: 400; letter-spacing: normal; orphans: 2; text-align: left; text-decoration: none; text-indent: 0px; text-transform: none; -webkit-text-stroke-width: 0px; white-space: normal; word-spacing: 0px;\">Laur\u00e9at SERVICES, Baie de Somme Exploration, Vincent CRUL.<\/span><br style=\"color: #666666; font-family: Helvetica,Arial,sans-serif; font-size: 12px; font-style: normal; font-variant: normal; font-weight: 400; letter-spacing: normal; orphans: 2; text-align: left; text-decoration: none; text-indent: 0px; text-transform: none; -webkit-text-stroke-width: 0px; white-space: normal; word-spacing: 0px;\" \/><span style=\"display: inline !important; float: none; background-color: #ffffff; color: #666666; font-family: inherit; font-size: 12px; font-style: normal; font-variant: normal; font-weight: 400; letter-spacing: normal; orphans: 2; text-align: left; text-decoration: none; text-indent: 0px; text-transform: none; -webkit-text-stroke-width: 0px; white-space: normal; word-spacing: 0px;\"> En pr\u00e9sence du partenaire FIDUCIAIRE CONSEIL, Eric MAVRE, expert comptable et commissaire aux comptes et de Gillian ROUX, Conseill\u00e8re d\u00e9partementale de l&rsquo;Oise.<\/span><\/p>\n<p>[\/et_pb_blurb][\/et_pb_column][et_pb_column type=\u00a0\u00bb1_2&Prime; _builder_version=\u00a0\u00bb4.16&Prime; global_colors_info=\u00a0\u00bb{}\u00a0\u00bb][et_pb_text _builder_version=\u00a0\u00bb4.16&Prime; global_colors_info=\u00a0\u00bb{}\u00a0\u00bb]<\/p>\n<p style=\"color: #1c1e21; font-family: inherit; font-size: 14px; font-style: normal; font-variant: normal; font-weight: 400; letter-spacing: normal; orphans: 2; text-align: left; text-decoration: none; text-indent: 0px; text-transform: none; -webkit-text-stroke-width: 0px; white-space: normal; word-spacing: 0px; margin: 0px 0px 6px 0px;\">Je suis tr\u00e8s heureux de vous informer que Baie de Somme Exploration a \u00e9t\u00e9 r\u00e9compens\u00e9 au concours Talents 2019 par le prix laur\u00e9at dans la cat\u00e9gorie Services !<\/p>\n<p style=\"color: #1c1e21; font-family: inherit; font-size: 14px; font-style: normal; font-variant: normal; font-weight: 400; letter-spacing: normal; orphans: 2; text-align: left; text-decoration: none; text-indent: 0px; text-transform: none; -webkit-text-stroke-width: 0px; white-space: normal; word-spacing: 0px; margin: 6px 0px 6px 0px;\">Ce concours est organis\u00e9 par le r\u00e9seau BGE pour mettre en avant les nouveaux entrepreneurs de l&rsquo;ann\u00e9e dans la r\u00e9gion Picardie. La remise des prix a eu lieu hier soir \u00e0 Nogent-sur-Oise en pr\u00e9sence d&rsquo;\u00e9lus, des partenaires du BGE et bien s\u00fbr des chefs d&rsquo;entreprises en lice pour le concours.<\/p>\n<p style=\"color: #1c1e21; display: inline; font-family: inherit; font-size: 14px; font-style: normal; font-variant: normal; font-weight: 400; letter-spacing: normal; orphans: 2; text-align: left; text-decoration: none; text-indent: 0px; text-transform: none; -webkit-text-stroke-width: 0px; white-space: normal; word-spacing: 0px; margin: 6px 0px 0px 0px;\">Il s&rsquo;agit d&rsquo;une reconnaissance qui m&rsquo;apporte un pr\u00e9cieux soutien dans cette aventure. Merci encore \u00e0 BGE Picardie !<\/p>\n<p>[\/et_pb_text][\/et_pb_column][\/et_pb_row][et_pb_row column_structure=\u00a0\u00bb1_2,1_2&Prime; _builder_version=\u00a0\u00bb4.16&Prime; global_colors_info=\u00a0\u00bb{}\u00a0\u00bb][et_pb_column type=\u00a0\u00bb1_2&Prime; _builder_version=\u00a0\u00bb4.16&Prime; global_colors_info=\u00a0\u00bb{}\u00a0\u00bb][et_pb_blurb title=\u00a0\u00bbArticle du courrier Picard\u00a0\u00bb image=\u00a0\u00bbhttps:\/\/baiedesomme-exploration.fr\/wp-content\/uploads\/2019\/09\/baie-de-somme-exploration_courrier-picard.jpg\u00a0\u00bb _builder_version=\u00a0\u00bb4.16&Prime; header_font=\u00a0\u00bb||||||||\u00a0\u00bb header_text_align=\u00a0\u00bbcenter\u00a0\u00bb header_font_size=\u00a0\u00bb22px\u00a0\u00bb border_radii=\u00a0\u00bbon|7px|7px|7px|7px\u00a0\u00bb global_colors_info=\u00a0\u00bb{}\u00a0\u00bb][\/et_pb_blurb][et_pb_button button_url=\u00a0\u00bbhttps:\/\/baiedesomme-exploration.fr\/wp-content\/uploads\/2019\/09\/baie-de-somme-exploration_courrier-picard.pdf\u00a0\u00bb url_new_window=\u00a0\u00bbon\u00a0\u00bb button_text=\u00a0\u00bbT\u00e9l\u00e9charger l&rsquo;article\u00a0\u00bb button_alignment=\u00a0\u00bbcenter\u00a0\u00bb _builder_version=\u00a0\u00bb4.16&Prime; custom_button=\u00a0\u00bbon\u00a0\u00bb button_text_size=\u00a0\u00bb17px\u00a0\u00bb button_text_color=\u00a0\u00bb#00acc6&Prime; button_border_width=\u00a0\u00bb3px\u00a0\u00bb button_border_radius=\u00a0\u00bb15px\u00a0\u00bb button_font=\u00a0\u00bb||||||||\u00a0\u00bb button_icon=\u00a0\u00bb&#xe004;||divi||400&Prime; button_icon_placement=\u00a0\u00bbleft\u00a0\u00bb custom_margin=\u00a0\u00bb-20px||\u00a0\u00bb box_shadow_style=\u00a0\u00bbpreset1&Prime; global_colors_info=\u00a0\u00bb{}\u00a0\u00bb][\/et_pb_button][et_pb_blurb title=\u00a0\u00bbArticle du Journal d&rsquo;Abbeville\u00a0\u00bb image=\u00a0\u00bbhttps:\/\/baiedesomme-exploration.fr\/wp-content\/uploads\/2021\/01\/Article-Baie-de-Somme-Sud.jpg\u00a0\u00bb _builder_version=\u00a0\u00bb4.16&Prime; header_font=\u00a0\u00bb||||||||\u00a0\u00bb header_text_align=\u00a0\u00bbcenter\u00a0\u00bb header_font_size=\u00a0\u00bb22px\u00a0\u00bb border_radii=\u00a0\u00bbon|7px|7px|7px|7px\u00a0\u00bb global_colors_info=\u00a0\u00bb{}\u00a0\u00bb][\/et_pb_blurb][\/et_pb_column][et_pb_column type=\u00a0\u00bb1_2&Prime; _builder_version=\u00a0\u00bb4.16&Prime; global_colors_info=\u00a0\u00bb{}\u00a0\u00bb][et_pb_audio audio=\u00a0\u00bbhttps:\/\/baiedesomme-exploration.fr\/wp-content\/uploads\/2021\/01\/RCF59_MCM_20210111-coupe.mp3&Prime; title=\u00a0\u00bbPodcast M Comme Midi du 11 janvier 2021&Prime; _builder_version=\u00a0\u00bb4.16&Prime; global_colors_info=\u00a0\u00bb{}\u00a0\u00bb][\/et_pb_audio][et_pb_audio audio=\u00a0\u00bbhttps:\/\/baiedesomme-exploration.fr\/wp-content\/uploads\/2019\/09\/2019-07-12-FB-Picardie-Vincent.mp3&Prime; title=\u00a0\u00bbPodcast France Bleu Picardie\u00a0\u00bb _builder_version=\u00a0\u00bb4.16&Prime; global_colors_info=\u00a0\u00bb{}\u00a0\u00bb][\/et_pb_audio][et_pb_blurb title=\u00a0\u00bbArticle de L&rsquo;action Agricole Picardie\u00a0\u00bb image=\u00a0\u00bbhttps:\/\/baiedesomme-exploration.fr\/wp-content\/uploads\/2020\/10\/vis-enigm.jpg\u00a0\u00bb _builder_version=\u00a0\u00bb4.16&Prime; header_font=\u00a0\u00bb||||||||\u00a0\u00bb header_text_align=\u00a0\u00bbcenter\u00a0\u00bb header_font_size=\u00a0\u00bb22px\u00a0\u00bb border_radii=\u00a0\u00bbon|7px|7px|7px|7px\u00a0\u00bb global_colors_info=\u00a0\u00bb{}\u00a0\u00bb][\/et_pb_blurb][et_pb_button button_url=\u00a0\u00bbhttps:\/\/baiedesomme-exploration.fr\/wp-content\/uploads\/2020\/10\/enigm.pdf\u00a0\u00bb url_new_window=\u00a0\u00bbon\u00a0\u00bb button_text=\u00a0\u00bbT\u00e9l\u00e9charger l&rsquo;article\u00a0\u00bb button_alignment=\u00a0\u00bbcenter\u00a0\u00bb _builder_version=\u00a0\u00bb4.16&Prime; custom_button=\u00a0\u00bbon\u00a0\u00bb button_text_size=\u00a0\u00bb17px\u00a0\u00bb button_text_color=\u00a0\u00bb#00acc6&Prime; button_border_width=\u00a0\u00bb3px\u00a0\u00bb button_border_radius=\u00a0\u00bb15px\u00a0\u00bb button_font=\u00a0\u00bb||||||||\u00a0\u00bb button_icon=\u00a0\u00bb&#xe004;||divi||400&Prime; button_icon_placement=\u00a0\u00bbleft\u00a0\u00bb custom_margin=\u00a0\u00bb-20px||\u00a0\u00bb box_shadow_style=\u00a0\u00bbpreset1&Prime; global_colors_info=\u00a0\u00bb{}\u00a0\u00bb][\/et_pb_button][\/et_pb_column][\/et_pb_row][\/et_pb_section]<\/p>\n","protected":false},"excerpt":{"rendered":"<p>La Gazette du 22 avril 2024 par ISABELLE BOIDANGHEIN\u00a0France 3 Hauts-de-France, de Corbie \u00e0 Amiens.Les journalistes de France 3 sont venus accompagner des explorateurs dans le Marquenterre.T\u00e9moignage d\u2019une sympathique famille de leur randonn\u00e9e myst\u00e8re au Bois de Cise dans le magasine Esprit Hauts de France.Animation Baie de Somme Exploration, France Bleu PicardiePodcast Somme Where &#8211; [&hellip;]<\/p>\n","protected":false},"author":1,"featured_media":0,"parent":0,"menu_order":0,"comment_status":"closed","ping_status":"closed","template":"","meta":{"_et_pb_use_builder":"on","_et_pb_old_content":"","_et_gb_content_width":"","footnotes":""},"class_list":["post-409","page","type-page","status-publish","hentry"],"yoast_head":"<!-- This site is optimized with the Yoast SEO plugin v27.4 - https:\/\/yoast.com\/product\/yoast-seo-wordpress\/ -->\n<title>La presse en parle ! - Baie de Somme Exploration<\/title>\n<meta name=\"robots\" content=\"index, follow, max-snippet:-1, max-image-preview:large, max-video-preview:-1\" \/>\n<link rel=\"canonical\" href=\"https:\/\/baiedesomme-exploration.fr\/index.php\/la-presse-en-parle\/\" \/>\n<meta property=\"og:locale\" content=\"fr_FR\" \/>\n<meta property=\"og:type\" content=\"article\" \/>\n<meta property=\"og:title\" content=\"La presse en parle ! - Baie de Somme Exploration\" \/>\n<meta property=\"og:description\" content=\"La Gazette du 22 avril 2024 par ISABELLE BOIDANGHEIN\u00a0France 3 Hauts-de-France, de Corbie \u00e0 Amiens.Les journalistes de France 3 sont venus accompagner des explorateurs dans le Marquenterre.T\u00e9moignage d\u2019une sympathique famille de leur randonn\u00e9e myst\u00e8re au Bois de Cise dans le magasine Esprit Hauts de France.Animation Baie de Somme Exploration, France Bleu PicardiePodcast Somme Where - [&hellip;]\" \/>\n<meta property=\"og:url\" content=\"https:\/\/baiedesomme-exploration.fr\/index.php\/la-presse-en-parle\/\" \/>\n<meta property=\"og:site_name\" content=\"Baie de Somme Exploration\" \/>\n<meta property=\"article:modified_time\" content=\"2024-05-27T12:52:09+00:00\" \/>\n<meta name=\"twitter:card\" content=\"summary_large_image\" \/>\n<meta name=\"twitter:label1\" content=\"Dur\u00e9e de lecture estim\u00e9e\" \/>\n\t<meta name=\"twitter:data1\" content=\"7 minutes\" \/>\n<script type=\"application\/ld+json\" class=\"yoast-schema-graph\">{\"@context\":\"https:\\\/\\\/schema.org\",\"@graph\":[{\"@type\":\"WebPage\",\"@id\":\"https:\\\/\\\/baiedesomme-exploration.fr\\\/index.php\\\/la-presse-en-parle\\\/\",\"url\":\"https:\\\/\\\/baiedesomme-exploration.fr\\\/index.php\\\/la-presse-en-parle\\\/\",\"name\":\"La presse en parle ! - Baie de Somme Exploration\",\"isPartOf\":{\"@id\":\"https:\\\/\\\/baiedesomme-exploration.fr\\\/#website\"},\"datePublished\":\"2019-09-18T13:05:11+00:00\",\"dateModified\":\"2024-05-27T12:52:09+00:00\",\"breadcrumb\":{\"@id\":\"https:\\\/\\\/baiedesomme-exploration.fr\\\/index.php\\\/la-presse-en-parle\\\/#breadcrumb\"},\"inLanguage\":\"fr-FR\",\"potentialAction\":[{\"@type\":\"ReadAction\",\"target\":[\"https:\\\/\\\/baiedesomme-exploration.fr\\\/index.php\\\/la-presse-en-parle\\\/\"]}]},{\"@type\":\"BreadcrumbList\",\"@id\":\"https:\\\/\\\/baiedesomme-exploration.fr\\\/index.php\\\/la-presse-en-parle\\\/#breadcrumb\",\"itemListElement\":[{\"@type\":\"ListItem\",\"position\":1,\"name\":\"Accueil\",\"item\":\"https:\\\/\\\/baiedesomme-exploration.fr\\\/\"},{\"@type\":\"ListItem\",\"position\":2,\"name\":\"La presse en parle !\"}]},{\"@type\":\"WebSite\",\"@id\":\"https:\\\/\\\/baiedesomme-exploration.fr\\\/#website\",\"url\":\"https:\\\/\\\/baiedesomme-exploration.fr\\\/\",\"name\":\"Baie de Somme Exploration\",\"description\":\"Organisation d&#039;activit\u00e9s touristiques en Baie de Somme\",\"potentialAction\":[{\"@type\":\"SearchAction\",\"target\":{\"@type\":\"EntryPoint\",\"urlTemplate\":\"https:\\\/\\\/baiedesomme-exploration.fr\\\/?s={search_term_string}\"},\"query-input\":{\"@type\":\"PropertyValueSpecification\",\"valueRequired\":true,\"valueName\":\"search_term_string\"}}],\"inLanguage\":\"fr-FR\"}]}<\/script>\n<!-- \/ Yoast SEO plugin. -->","yoast_head_json":{"title":"La presse en parle ! - Baie de Somme Exploration","robots":{"index":"index","follow":"follow","max-snippet":"max-snippet:-1","max-image-preview":"max-image-preview:large","max-video-preview":"max-video-preview:-1"},"canonical":"https:\/\/baiedesomme-exploration.fr\/index.php\/la-presse-en-parle\/","og_locale":"fr_FR","og_type":"article","og_title":"La presse en parle ! - Baie de Somme Exploration","og_description":"La Gazette du 22 avril 2024 par ISABELLE BOIDANGHEIN\u00a0France 3 Hauts-de-France, de Corbie \u00e0 Amiens.Les journalistes de France 3 sont venus accompagner des explorateurs dans le Marquenterre.T\u00e9moignage d\u2019une sympathique famille de leur randonn\u00e9e myst\u00e8re au Bois de Cise dans le magasine Esprit Hauts de France.Animation Baie de Somme Exploration, France Bleu PicardiePodcast Somme Where - [&hellip;]","og_url":"https:\/\/baiedesomme-exploration.fr\/index.php\/la-presse-en-parle\/","og_site_name":"Baie de Somme Exploration","article_modified_time":"2024-05-27T12:52:09+00:00","twitter_card":"summary_large_image","twitter_misc":{"Dur\u00e9e de lecture estim\u00e9e":"7 minutes"},"schema":{"@context":"https:\/\/schema.org","@graph":[{"@type":"WebPage","@id":"https:\/\/baiedesomme-exploration.fr\/index.php\/la-presse-en-parle\/","url":"https:\/\/baiedesomme-exploration.fr\/index.php\/la-presse-en-parle\/","name":"La presse en parle ! - Baie de Somme Exploration","isPartOf":{"@id":"https:\/\/baiedesomme-exploration.fr\/#website"},"datePublished":"2019-09-18T13:05:11+00:00","dateModified":"2024-05-27T12:52:09+00:00","breadcrumb":{"@id":"https:\/\/baiedesomme-exploration.fr\/index.php\/la-presse-en-parle\/#breadcrumb"},"inLanguage":"fr-FR","potentialAction":[{"@type":"ReadAction","target":["https:\/\/baiedesomme-exploration.fr\/index.php\/la-presse-en-parle\/"]}]},{"@type":"BreadcrumbList","@id":"https:\/\/baiedesomme-exploration.fr\/index.php\/la-presse-en-parle\/#breadcrumb","itemListElement":[{"@type":"ListItem","position":1,"name":"Accueil","item":"https:\/\/baiedesomme-exploration.fr\/"},{"@type":"ListItem","position":2,"name":"La presse en parle !"}]},{"@type":"WebSite","@id":"https:\/\/baiedesomme-exploration.fr\/#website","url":"https:\/\/baiedesomme-exploration.fr\/","name":"Baie de Somme Exploration","description":"Organisation d&#039;activit\u00e9s touristiques en Baie de Somme","potentialAction":[{"@type":"SearchAction","target":{"@type":"EntryPoint","urlTemplate":"https:\/\/baiedesomme-exploration.fr\/?s={search_term_string}"},"query-input":{"@type":"PropertyValueSpecification","valueRequired":true,"valueName":"search_term_string"}}],"inLanguage":"fr-FR"}]}},"_links":{"self":[{"href":"https:\/\/baiedesomme-exploration.fr\/index.php\/wp-json\/wp\/v2\/pages\/409","targetHints":{"allow":["GET"]}}],"collection":[{"href":"https:\/\/baiedesomme-exploration.fr\/index.php\/wp-json\/wp\/v2\/pages"}],"about":[{"href":"https:\/\/baiedesomme-exploration.fr\/index.php\/wp-json\/wp\/v2\/types\/page"}],"author":[{"embeddable":true,"href":"https:\/\/baiedesomme-exploration.fr\/index.php\/wp-json\/wp\/v2\/users\/1"}],"replies":[{"embeddable":true,"href":"https:\/\/baiedesomme-exploration.fr\/index.php\/wp-json\/wp\/v2\/comments?post=409"}],"version-history":[{"count":21,"href":"https:\/\/baiedesomme-exploration.fr\/index.php\/wp-json\/wp\/v2\/pages\/409\/revisions"}],"predecessor-version":[{"id":1946,"href":"https:\/\/baiedesomme-exploration.fr\/index.php\/wp-json\/wp\/v2\/pages\/409\/revisions\/1946"}],"wp:attachment":[{"href":"https:\/\/baiedesomme-exploration.fr\/index.php\/wp-json\/wp\/v2\/media?parent=409"}],"curies":[{"name":"wp","href":"https:\/\/api.w.org\/{rel}","templated":true}]}}